{"id":78,"date":"2022-11-25T22:33:21","date_gmt":"2022-11-25T21:33:21","guid":{"rendered":"http:\/\/193.194.83.40\/LVBRN\/?page_id=78"},"modified":"2022-12-21T11:55:09","modified_gmt":"2022-12-21T10:55:09","slug":"equipe-5","status":"publish","type":"page","link":"http:\/\/labos.univ-alger.dz\/LVBRN\/?page_id=78","title":{"rendered":"Equipe 4"},"content":{"rendered":"\n<p>Chef d\u2019\u00e9quipe:&nbsp;Dr. OUSMAAL Mohamed El Fadel<\/p>\n\n\n\n<p>Mail: m.ousmaal@univ-alger.dz; ousmaal_med@hotmail.fr<\/p>\n\n\n\n<p>Mots-cl\u00e9s :Recherche Biom\u00e9dicale, Innovation, sant\u00e9 publique, diab\u00e8te, hypertension art\u00e9rielle, cancer, biomarqueurs, biosciences.<\/p>\n\n\n\n<p>Description de la th\u00e9matique de recherche de l\u2019\u00e9quipe :<\/p>\n\n\n\n<p>Aujourd\u2019hui, plus que jamais, les services hospitaliers doivent se mettre \u00e0 la page et s&rsquo;ouvrir vers le monde ext\u00e9rieur, le monde de la recherche biom\u00e9dicale. C\u2019est dans cette optique que vient l\u2019objectif de notre \u00e9quipe de recherche visant \u00e0 constituer une plateforme d\u2019\u00e9change entre les acteurs de la sant\u00e9 publique, \u00e0 savoir les m\u00e9decins, les pharmaciens et les biologistes, sur des probl\u00e9matiques qui affectent le secteur biom\u00e9dical et par cons\u00e9quent la sant\u00e9 du citoyen Alg\u00e9rien. Etant d\u00e9pass\u00e9s par le travail du quotidien et manquants d\u2019une bonne m\u00e9thodologie de recherche, les m\u00e9decins et les pharmaciens ont besoin d\u2019une telle plateforme d\u2019\u00e9change avecles chercheurs biologistes afin d\u2019innover et renforcer le syst\u00e8me de sant\u00e9 Alg\u00e9rien qui peine maintenant \u00e0 r\u00e9pondre ad\u00e9quatement aux exigences d\u00e9coulant de la croissance des maladies chroniques. Le travail de cette \u00e9quipe s&rsquo;oriente vers une recherche, \u00e0 la fois fondamentale et appliqu\u00e9e ayant pour but d\u2019apporter des solutions pour un bon diagnostic, des recommandations pour un bon traitement et contribuer ainsi au progr\u00e8s de la connaissance de la biologie humaine. Liste exhaustive des membres de l\u2019\u00e9quipe :<\/p>\n\n\n\n<ol type=\"1\">\n<li>Dr. GHERIB Asma<\/li>\n\n\n\n<li>Dr. CHERAIT Asma<\/li>\n\n\n\n<li>Mme. BENAMARA&nbsp; Rabea radia<\/li>\n\n\n\n<li>Dr. BOULOUDENE Nassim<\/li>\n\n\n\n<li>Dr. BENAIDJA&nbsp; Ala Eddine<\/li>\n<\/ol>\n\n\n\n<p>&nbsp;Fondements Scientifiques<\/p>\n\n\n\n<p>Transversaux et pluridisciplinaires, les programmes de recherche de notre \u00e9quipe s\u2019organisent autour de deux p\u00f4les :<\/p>\n\n\n\n<p>&#8211; Le premier p\u00f4le concerne la recherche appliqu\u00e9e ; elle est r\u00e9alis\u00e9e par des chercheurs m\u00e9decins et pharmaciens, sous lequel travaillent deux mini-groupes :<\/p>\n\n\n\n<p>&#8211; Le premier mini-groupe visant \u00e0 installer et innover les techniques de diagnostic, telle que celle de la biologie mol\u00e9culaire, au niveau des services et plateau technique de l\u2019h\u00f4pital (laboratoire d&rsquo;anatomie pathologie, d\u2019immunologie, de microbiologie, de biochimie), \u00e9valuer l\u2019efficacit\u00e9 de nouveaux dispositifs m\u00e9dicaux et proposer des solutions aux probl\u00e8mes techniques de ces derniers.<\/p>\n\n\n\n<p>&#8211; Le deuxi\u00e8me mini-groupe aura pour but de suivre les soci\u00e9t\u00e9s savantes \u00e0 l\u2019\u00e9chelle internationale, faire une synth\u00e8se de leurs r\u00e9sultats et les confronter aux r\u00e9sultats des soci\u00e9t\u00e9s savantes nationales afin d\u2019am\u00e9liorer les strat\u00e9gies de diagnostic et de traitement des maladies les plus r\u00e9pondu en Alg\u00e9rie notamment le diab\u00e8te, l\u2019hypertension art\u00e9rielle et le cancer.<\/p>\n\n\n\n<p>&#8211; Le deuxi\u00e8me p\u00f4le concerne la recherche fondamentale, r\u00e9alis\u00e9 par des chercheurs biologistes visant \u00e0 \u00e9tudier exp\u00e9rimentalement les m\u00e9canismes du dysfonctionnement au cours d\u2019une pathologie, essentiellement le syndrome m\u00e9tabolique et le cancer, proposer de nouveaux biomarqueurs s\u00e9riques (Microparticules, Micro RNA) et d\u00e9velopper le traitement \u00e0 base de plantes m\u00e9dicinales.<\/p>\n","protected":false},"excerpt":{"rendered":"<p>Chef d\u2019\u00e9quipe:&nbsp;Dr. OUSMAAL Mohamed El Fadel Mail: m.ousmaal@univ-alger.dz; ousmaal_med@hotmail.fr Mots-cl\u00e9s :Recherche Biom\u00e9dicale, Innovation, sant\u00e9 publique, diab\u00e8te, hypertension art\u00e9rielle, cancer, biomarqueurs, biosciences. Description de la th\u00e9matique de recherche de l\u2019\u00e9quipe : Aujourd\u2019hui, plus que jamais, les services hospitaliers doivent se mettre \u00e0 la page et s&rsquo;ouvrir vers le monde ext\u00e9rieur, le monde de la recherche biom\u00e9dicale. [&hellip;]<\/p>\n","protected":false},"author":1,"featured_media":0,"parent":0,"menu_order":0,"comment_status":"closed","ping_status":"closed","template":"","meta":[],"_links":{"self":[{"href":"http:\/\/labos.univ-alger.dz\/LVBRN\/index.php?rest_route=\/wp\/v2\/pages\/78"}],"collection":[{"href":"http:\/\/labos.univ-alger.dz\/LVBRN\/index.php?rest_route=\/wp\/v2\/pages"}],"about":[{"href":"http:\/\/labos.univ-alger.dz\/LVBRN\/index.php?rest_route=\/wp\/v2\/types\/page"}],"author":[{"embeddable":true,"href":"http:\/\/labos.univ-alger.dz\/LVBRN\/index.php?rest_route=\/wp\/v2\/users\/1"}],"replies":[{"embeddable":true,"href":"http:\/\/labos.univ-alger.dz\/LVBRN\/index.php?rest_route=%2Fwp%2Fv2%2Fcomments&post=78"}],"version-history":[{"count":3,"href":"http:\/\/labos.univ-alger.dz\/LVBRN\/index.php?rest_route=\/wp\/v2\/pages\/78\/revisions"}],"predecessor-version":[{"id":104,"href":"http:\/\/labos.univ-alger.dz\/LVBRN\/index.php?rest_route=\/wp\/v2\/pages\/78\/revisions\/104"}],"wp:attachment":[{"href":"http:\/\/labos.univ-alger.dz\/LVBRN\/index.php?rest_route=%2Fwp%2Fv2%2Fmedia&parent=78"}],"curies":[{"name":"wp","href":"https:\/\/api.w.org\/{rel}","templated":true}]}}