{"id":70,"date":"2022-11-25T22:32:38","date_gmt":"2022-11-25T21:32:38","guid":{"rendered":"http:\/\/193.194.83.40\/LVBRN\/?page_id=70"},"modified":"2022-11-30T12:02:32","modified_gmt":"2022-11-30T11:02:32","slug":"equipe-1","status":"publish","type":"page","link":"http:\/\/labos.univ-alger.dz\/LVBRN\/?page_id=70","title":{"rendered":"Equipe 1"},"content":{"rendered":"\n<p><strong>Description de la th\u00e9matique de recherche de l\u2019\u00e9quipe :<\/strong><\/p>\n\n\n\n<p>Les projets de recherche qui seront men\u00e9s par cette \u00e9quipe r\u00e9pondent pleinement aux objectifs de la cr\u00e9ation de ce laboratoire et, aux objectifs de programme de d\u00e9veloppement, s\u2019adaptant \u00e0 certains objectifs sp\u00e9cifiques pour l\u2019Alg\u00e9rie et \u00e0 plusieurs autres objectifs du Plan National de d\u00e9veloppement. Les effets b\u00e9n\u00e9fiques des \u00e9ventuels r\u00e9sultats obtenus seront sans nul doute d\u2019un grand int\u00e9r\u00eat..<\/p>\n\n\n\n<p><strong>Liste exhaustive des membres de l\u2019\u00e9quipe :<\/strong><\/p>\n\n\n\n<p><strong>\u00a0Fondements Scientifiques<\/strong><\/p>\n\n\n\n<ol type=\"1\">\n<li>Les syst\u00e8mes d\u2019assurance qualit\u00e9 et certification dans les industries Agro-alimentaires<\/li>\n\n\n\n<li>Les dangers li\u00e9s \u00e0 l\u2019alimentation humaine.<\/li>\n\n\n\n<li>Les m\u00e9thodes alternatives pour la conservation des aliments.<\/li>\n<\/ol>\n","protected":false},"excerpt":{"rendered":"<p>Description de la th\u00e9matique de recherche de l\u2019\u00e9quipe : Les projets de recherche qui seront men\u00e9s par cette \u00e9quipe r\u00e9pondent pleinement aux objectifs de la cr\u00e9ation de ce laboratoire et, aux objectifs de programme de d\u00e9veloppement, s\u2019adaptant \u00e0 certains objectifs sp\u00e9cifiques pour l\u2019Alg\u00e9rie et \u00e0 plusieurs autres objectifs du Plan National de d\u00e9veloppement. Les effets [&hellip;]<\/p>\n","protected":false},"author":1,"featured_media":0,"parent":0,"menu_order":0,"comment_status":"closed","ping_status":"closed","template":"","meta":[],"_links":{"self":[{"href":"http:\/\/labos.univ-alger.dz\/LVBRN\/index.php?rest_route=\/wp\/v2\/pages\/70"}],"collection":[{"href":"http:\/\/labos.univ-alger.dz\/LVBRN\/index.php?rest_route=\/wp\/v2\/pages"}],"about":[{"href":"http:\/\/labos.univ-alger.dz\/LVBRN\/index.php?rest_route=\/wp\/v2\/types\/page"}],"author":[{"embeddable":true,"href":"http:\/\/labos.univ-alger.dz\/LVBRN\/index.php?rest_route=\/wp\/v2\/users\/1"}],"replies":[{"embeddable":true,"href":"http:\/\/labos.univ-alger.dz\/LVBRN\/index.php?rest_route=%2Fwp%2Fv2%2Fcomments&post=70"}],"version-history":[{"count":2,"href":"http:\/\/labos.univ-alger.dz\/LVBRN\/index.php?rest_route=\/wp\/v2\/pages\/70\/revisions"}],"predecessor-version":[{"id":101,"href":"http:\/\/labos.univ-alger.dz\/LVBRN\/index.php?rest_route=\/wp\/v2\/pages\/70\/revisions\/101"}],"wp:attachment":[{"href":"http:\/\/labos.univ-alger.dz\/LVBRN\/index.php?rest_route=%2Fwp%2Fv2%2Fmedia&parent=70"}],"curies":[{"name":"wp","href":"https:\/\/api.w.org\/{rel}","templated":true}]}}