{"id":2,"date":"2022-11-24T19:04:02","date_gmt":"2022-11-24T18:04:02","guid":{"rendered":"http:\/\/193.194.83.40\/LVBRN\/?page_id=2"},"modified":"2022-11-25T23:09:22","modified_gmt":"2022-11-25T22:09:22","slug":"page-d-exemple","status":"publish","type":"page","link":"http:\/\/labos.univ-alger.dz\/LVBRN\/?page_id=2","title":{"rendered":"Mot du directeur"},"content":{"rendered":"\n<p>Le LVBRN est la base d\u2019une recherche fondamentale et appliqu\u00e9e fascinante et d\u2019exp\u00e9riences incroyables, gr\u00e2ce aux chercheurs qui y travaillent. Notre v\u00e9ritable force est incarn\u00e9e par les 25 chercheurs, enseignant chercheurs, et pourquoi pas bient\u00f4t 12 doctorants et \u00e9tudiants.<\/p>\n\n\n\n<p>Ceux-l\u00e0 s\u2019engagent pleinement pour une recherche de pointe, solidement ancr\u00e9e dans la recherche avanc\u00e9e, le tout dans une atmosph\u00e8re collaborative qui privil\u00e9gie l\u2019\u00e9change et la qualit\u00e9 de vie au travail. C\u2019est cette d\u00e9marche collective et ambitieuse qui fait la singularit\u00e9 de notre laboratoire et qui constitue son atout majeur.<\/p>\n\n\n\n<p>Notre recherche se structure suivant deux d\u00e9marches compl\u00e9mentaires :<\/p>\n\n\n\n<p>1) le d\u00e9ploiement d\u2019activit\u00e9s de recherche de plus haute qualit\u00e9, et<\/p>\n\n\n\n<p>2) le transfert de la technologie et des r\u00e9sultats de la recherche aux diff\u00e9rents secteurs, dans le but de r\u00e9soudre des probl\u00e8mes concrets qui se posent dans la soci\u00e9t\u00e9.<\/p>\n\n\n\n<blockquote class=\"wp-block-quote\">\n<p><\/p>\n<\/blockquote>\n\n\n\n<p><\/p>\n\n\n\n<blockquote class=\"wp-block-quote\">\n<p><\/p>\n<\/blockquote>\n\n\n\n<p><\/p>\n","protected":false},"excerpt":{"rendered":"<p>Le LVBRN est la base d\u2019une recherche fondamentale et appliqu\u00e9e fascinante et d\u2019exp\u00e9riences incroyables, gr\u00e2ce aux chercheurs qui y travaillent. Notre v\u00e9ritable force est incarn\u00e9e par les 25 chercheurs, enseignant chercheurs, et pourquoi pas bient\u00f4t 12 doctorants et \u00e9tudiants. Ceux-l\u00e0 s\u2019engagent pleinement pour une recherche de pointe, solidement ancr\u00e9e dans la recherche avanc\u00e9e, le tout [&hellip;]<\/p>\n","protected":false},"author":1,"featured_media":0,"parent":0,"menu_order":0,"comment_status":"closed","ping_status":"open","template":"","meta":[],"_links":{"self":[{"href":"http:\/\/labos.univ-alger.dz\/LVBRN\/index.php?rest_route=\/wp\/v2\/pages\/2"}],"collection":[{"href":"http:\/\/labos.univ-alger.dz\/LVBRN\/index.php?rest_route=\/wp\/v2\/pages"}],"about":[{"href":"http:\/\/labos.univ-alger.dz\/LVBRN\/index.php?rest_route=\/wp\/v2\/types\/page"}],"author":[{"embeddable":true,"href":"http:\/\/labos.univ-alger.dz\/LVBRN\/index.php?rest_route=\/wp\/v2\/users\/1"}],"replies":[{"embeddable":true,"href":"http:\/\/labos.univ-alger.dz\/LVBRN\/index.php?rest_route=%2Fwp%2Fv2%2Fcomments&post=2"}],"version-history":[{"count":2,"href":"http:\/\/labos.univ-alger.dz\/LVBRN\/index.php?rest_route=\/wp\/v2\/pages\/2\/revisions"}],"predecessor-version":[{"id":91,"href":"http:\/\/labos.univ-alger.dz\/LVBRN\/index.php?rest_route=\/wp\/v2\/pages\/2\/revisions\/91"}],"wp:attachment":[{"href":"http:\/\/labos.univ-alger.dz\/LVBRN\/index.php?rest_route=%2Fwp%2Fv2%2Fmedia&parent=2"}],"curies":[{"name":"wp","href":"https:\/\/api.w.org\/{rel}","templated":true}]}}