{"id":36,"date":"2023-02-02T23:09:05","date_gmt":"2023-02-02T22:09:05","guid":{"rendered":"http:\/\/labos.univ-alger.dz\/LSIGIMD\/?page_id=36"},"modified":"2023-02-02T23:09:05","modified_gmt":"2023-02-02T22:09:05","slug":"equipe-4","status":"publish","type":"page","link":"http:\/\/labos.univ-alger.dz\/LSIGIMD\/?page_id=36","title":{"rendered":"Equipe 4"},"content":{"rendered":"\n<p><strong>Chef De L\u2019\u00e9quipe :<\/strong> Professeur Soraya SAMI<\/p>\n\n\n\n<p> <strong>Th\u00e8me de l\u2019\u00e9quipe <\/strong>: Oncologie m\u00e9dicale <\/p>\n\n\n\n<p><strong>Chercheurs de l\u2019\u00e9quipe : <\/strong><\/p>\n\n\n\n<p>PR SAMI Soraya professeur hospitalo-universitaire. <\/p>\n\n\n\n<p>PR LADJEROUD Amel maitre de conf\u00e9rence A. <\/p>\n\n\n\n<p>DR MEHENNI Nawel assistante sp\u00e9cialiste.<\/p>\n","protected":false},"excerpt":{"rendered":"<p>Chef De L\u2019\u00e9quipe : Professeur Soraya SAMI Th\u00e8me de l\u2019\u00e9quipe : Oncologie m\u00e9dicale Chercheurs de l\u2019\u00e9quipe : PR SAMI Soraya professeur hospitalo-universitaire. PR LADJEROUD Amel maitre de conf\u00e9rence A. DR MEHENNI Nawel assistante sp\u00e9cialiste.<\/p>\n","protected":false},"author":1,"featured_media":0,"parent":0,"menu_order":0,"comment_status":"closed","ping_status":"closed","template":"","meta":[],"_links":{"self":[{"href":"http:\/\/labos.univ-alger.dz\/LSIGIMD\/index.php?rest_route=\/wp\/v2\/pages\/36"}],"collection":[{"href":"http:\/\/labos.univ-alger.dz\/LSIGIMD\/index.php?rest_route=\/wp\/v2\/pages"}],"about":[{"href":"http:\/\/labos.univ-alger.dz\/LSIGIMD\/index.php?rest_route=\/wp\/v2\/types\/page"}],"author":[{"embeddable":true,"href":"http:\/\/labos.univ-alger.dz\/LSIGIMD\/index.php?rest_route=\/wp\/v2\/users\/1"}],"replies":[{"embeddable":true,"href":"http:\/\/labos.univ-alger.dz\/LSIGIMD\/index.php?rest_route=%2Fwp%2Fv2%2Fcomments&post=36"}],"version-history":[{"count":1,"href":"http:\/\/labos.univ-alger.dz\/LSIGIMD\/index.php?rest_route=\/wp\/v2\/pages\/36\/revisions"}],"predecessor-version":[{"id":37,"href":"http:\/\/labos.univ-alger.dz\/LSIGIMD\/index.php?rest_route=\/wp\/v2\/pages\/36\/revisions\/37"}],"wp:attachment":[{"href":"http:\/\/labos.univ-alger.dz\/LSIGIMD\/index.php?rest_route=%2Fwp%2Fv2%2Fmedia&parent=36"}],"curies":[{"name":"wp","href":"https:\/\/api.w.org\/{rel}","templated":true}]}}