{"id":34,"date":"2023-02-02T23:06:46","date_gmt":"2023-02-02T22:06:46","guid":{"rendered":"http:\/\/labos.univ-alger.dz\/LSIGIMD\/?page_id=34"},"modified":"2023-02-02T23:06:46","modified_gmt":"2023-02-02T22:06:46","slug":"equipe-3","status":"publish","type":"page","link":"http:\/\/labos.univ-alger.dz\/LSIGIMD\/?page_id=34","title":{"rendered":"Equipe 3"},"content":{"rendered":"\n<p><strong>Chef De L\u2019\u00e9quipe<\/strong> : Professeur AMIR Zine-Charaf <\/p>\n\n\n\n<p><strong>Th\u00e8me de l\u2019\u00e9quipe<\/strong> : Pathologie<\/p>\n\n\n\n<p><strong>Chercheurs de l\u2019\u00e9quipe <\/strong>: PR AMIR Zine-Charaf <\/p>\n\n\n\n<p>Professeur hospitalo-universitaire. <\/p>\n\n\n\n<p>DR TOUISI Wassila maitre de conf\u00e9rences A. <\/p>\n\n\n\n<p>DR BERROUANE Hamida assistante sp\u00e9cialiste.<\/p>\n","protected":false},"excerpt":{"rendered":"<p>Chef De L\u2019\u00e9quipe : Professeur AMIR Zine-Charaf Th\u00e8me de l\u2019\u00e9quipe : Pathologie Chercheurs de l\u2019\u00e9quipe : PR AMIR Zine-Charaf Professeur hospitalo-universitaire. DR TOUISI Wassila maitre de conf\u00e9rences A. DR BERROUANE Hamida assistante sp\u00e9cialiste.<\/p>\n","protected":false},"author":1,"featured_media":0,"parent":0,"menu_order":0,"comment_status":"closed","ping_status":"closed","template":"","meta":[],"_links":{"self":[{"href":"http:\/\/labos.univ-alger.dz\/LSIGIMD\/index.php?rest_route=\/wp\/v2\/pages\/34"}],"collection":[{"href":"http:\/\/labos.univ-alger.dz\/LSIGIMD\/index.php?rest_route=\/wp\/v2\/pages"}],"about":[{"href":"http:\/\/labos.univ-alger.dz\/LSIGIMD\/index.php?rest_route=\/wp\/v2\/types\/page"}],"author":[{"embeddable":true,"href":"http:\/\/labos.univ-alger.dz\/LSIGIMD\/index.php?rest_route=\/wp\/v2\/users\/1"}],"replies":[{"embeddable":true,"href":"http:\/\/labos.univ-alger.dz\/LSIGIMD\/index.php?rest_route=%2Fwp%2Fv2%2Fcomments&post=34"}],"version-history":[{"count":1,"href":"http:\/\/labos.univ-alger.dz\/LSIGIMD\/index.php?rest_route=\/wp\/v2\/pages\/34\/revisions"}],"predecessor-version":[{"id":35,"href":"http:\/\/labos.univ-alger.dz\/LSIGIMD\/index.php?rest_route=\/wp\/v2\/pages\/34\/revisions\/35"}],"wp:attachment":[{"href":"http:\/\/labos.univ-alger.dz\/LSIGIMD\/index.php?rest_route=%2Fwp%2Fv2%2Fmedia&parent=34"}],"curies":[{"name":"wp","href":"https:\/\/api.w.org\/{rel}","templated":true}]}}