{"id":30,"date":"2023-02-02T22:58:38","date_gmt":"2023-02-02T21:58:38","guid":{"rendered":"http:\/\/labos.univ-alger.dz\/LSIGIMD\/?page_id=30"},"modified":"2023-02-02T22:58:38","modified_gmt":"2023-02-02T21:58:38","slug":"equipe-1","status":"publish","type":"page","link":"http:\/\/labos.univ-alger.dz\/LSIGIMD\/?page_id=30","title":{"rendered":"Equipe 1"},"content":{"rendered":"\n<p><strong>Chef De L\u2019\u00e9quipe <\/strong>: Professeur BENDIB Abdelkrim<\/p>\n\n\n\n<p> <strong>Th\u00e8me de l\u2019\u00e9quipe<\/strong> : Imagerie M\u00e9dicale <\/p>\n\n\n\n<p><strong>Chercheurs de l\u2019\u00e9quipe<\/strong> : PR BENDIB Abdelkrim professeur hospitalo-universitaire. <\/p>\n\n\n\n<p>PR AIMEUR Chaffa professeur hospitalo-universitaire.<\/p>\n\n\n\n<p> PR BELLAHCENE BENDIB Soraya maitre de conf\u00e9rences A <\/p>\n\n\n\n<p>PR BEGHDADI Khedidja maitre de conf\u00e9rences A<\/p>\n\n\n\n<p> PR AREZKI Sid Ali maitre de conf\u00e9rences A <\/p>\n\n\n\n<p>PR LOUGHRAIEB Sonia maitre de conf\u00e9rences A <\/p>\n\n\n\n<p>PR TABOUCHE Mounir maitre de conf\u00e9rence A <\/p>\n\n\n\n<p>PR KIES Habib maitre de conf\u00e9rences B <\/p>\n\n\n\n<p>PR TENIOU Batoul maitre de conf\u00e9rences B <\/p>\n\n\n\n<p>PR ARFI Mohamed islam maitre de conf\u00e9rences B <\/p>\n\n\n\n<p>DR BENDJABALAH Yasmine maitre assistante. <\/p>\n\n\n\n<p>DR LAHCENE Ratiba maitre assistante <\/p>\n\n\n\n<p>DR MASSIF Abdelatif maitre assistant <\/p>\n\n\n\n<p>DR BENMIHOUB Mouna assistante sp\u00e9cialiste <\/p>\n\n\n\n<p>DR MEGREROUCHE Nedjma assistante sp\u00e9cialiste <\/p>\n\n\n\n<p>DR HACHANI Meriem Souad assistante sp\u00e9cialiste <\/p>\n\n\n\n<p>DR HESNAOUI Asma assistante sp\u00e9cialiste <\/p>\n\n\n\n<p>DR LAOUAMRI Mohamed Abdelouahab m\u00e9decin r\u00e9sident <\/p>\n\n\n\n<p>MME HAMERERAS Ahlem profession de sant\u00e9 <\/p>\n\n\n\n<p>MME SALEM Nourelhouda profession de sant\u00e9 <\/p>\n\n\n\n<p>MR BOUTOUTA Azzedine profession de sant\u00e9 <\/p>\n\n\n\n<p>MME SIAD Assia profession de sant\u00e9 <\/p>\n\n\n\n<p>MME DEBIH Rachida profession de sant\u00e9 <\/p>\n\n\n\n<p>MME TAYEB BEY Amina profession de sant\u00e9<\/p>\n","protected":false},"excerpt":{"rendered":"<p>Chef De L\u2019\u00e9quipe : Professeur BENDIB Abdelkrim Th\u00e8me de l\u2019\u00e9quipe : Imagerie M\u00e9dicale Chercheurs de l\u2019\u00e9quipe : PR BENDIB Abdelkrim professeur hospitalo-universitaire. PR AIMEUR Chaffa professeur hospitalo-universitaire. PR BELLAHCENE BENDIB Soraya maitre de conf\u00e9rences A PR BEGHDADI Khedidja maitre de conf\u00e9rences A PR AREZKI Sid Ali maitre de conf\u00e9rences A PR LOUGHRAIEB Sonia maitre de [&hellip;]<\/p>\n","protected":false},"author":1,"featured_media":0,"parent":0,"menu_order":0,"comment_status":"closed","ping_status":"closed","template":"","meta":[],"_links":{"self":[{"href":"http:\/\/labos.univ-alger.dz\/LSIGIMD\/index.php?rest_route=\/wp\/v2\/pages\/30"}],"collection":[{"href":"http:\/\/labos.univ-alger.dz\/LSIGIMD\/index.php?rest_route=\/wp\/v2\/pages"}],"about":[{"href":"http:\/\/labos.univ-alger.dz\/LSIGIMD\/index.php?rest_route=\/wp\/v2\/types\/page"}],"author":[{"embeddable":true,"href":"http:\/\/labos.univ-alger.dz\/LSIGIMD\/index.php?rest_route=\/wp\/v2\/users\/1"}],"replies":[{"embeddable":true,"href":"http:\/\/labos.univ-alger.dz\/LSIGIMD\/index.php?rest_route=%2Fwp%2Fv2%2Fcomments&post=30"}],"version-history":[{"count":1,"href":"http:\/\/labos.univ-alger.dz\/LSIGIMD\/index.php?rest_route=\/wp\/v2\/pages\/30\/revisions"}],"predecessor-version":[{"id":31,"href":"http:\/\/labos.univ-alger.dz\/LSIGIMD\/index.php?rest_route=\/wp\/v2\/pages\/30\/revisions\/31"}],"wp:attachment":[{"href":"http:\/\/labos.univ-alger.dz\/LSIGIMD\/index.php?rest_route=%2Fwp%2Fv2%2Fmedia&parent=30"}],"curies":[{"name":"wp","href":"https:\/\/api.w.org\/{rel}","templated":true}]}}