{"id":28,"date":"2023-02-02T22:56:06","date_gmt":"2023-02-02T21:56:06","guid":{"rendered":"http:\/\/labos.univ-alger.dz\/LSIGIMD\/?page_id=28"},"modified":"2023-02-02T22:56:06","modified_gmt":"2023-02-02T21:56:06","slug":"presentation-du-laboratoire","status":"publish","type":"page","link":"http:\/\/labos.univ-alger.dz\/LSIGIMD\/?page_id=28","title":{"rendered":"Pr\u00e9sentation du laboratoire"},"content":{"rendered":"\n<p>Devant des l\u00e9sions infra cliniques, les micro et les macrobiopsies guid\u00e9es par imagerie m\u00e9dicale remplacent les biopsies chirurgicales \u00e0 l\u2019aveugle, la s\u00e9nologie interventionnelle guid\u00e9e par imagerie m\u00e9dicale am\u00e9liore le traitement et la qualit\u00e9 de vie des patientes porteuses du cancer du sein. Elle permet de faire un diagnostic positif et un profil histo-pronostic pr\u00e9coce, \u00e9valuer la fiabilit\u00e9 et faisabilit\u00e9 de ces techniques, \u00e9valuer l&rsquo;acceptabilit\u00e9 et la tol\u00e9rance de ces techniques par les patientes, \u00e9valuer les complications secondaires \u00e0 ces techniques, et les corr\u00e9lations radio-histologiques.<\/p>\n","protected":false},"excerpt":{"rendered":"<p>Devant des l\u00e9sions infra cliniques, les micro et les macrobiopsies guid\u00e9es par imagerie m\u00e9dicale remplacent les biopsies chirurgicales \u00e0 l\u2019aveugle, la s\u00e9nologie interventionnelle guid\u00e9e par imagerie m\u00e9dicale am\u00e9liore le traitement et la qualit\u00e9 de vie des patientes porteuses du cancer du sein. Elle permet de faire un diagnostic positif et un profil histo-pronostic pr\u00e9coce, \u00e9valuer [&hellip;]<\/p>\n","protected":false},"author":1,"featured_media":0,"parent":0,"menu_order":0,"comment_status":"closed","ping_status":"closed","template":"","meta":[],"_links":{"self":[{"href":"http:\/\/labos.univ-alger.dz\/LSIGIMD\/index.php?rest_route=\/wp\/v2\/pages\/28"}],"collection":[{"href":"http:\/\/labos.univ-alger.dz\/LSIGIMD\/index.php?rest_route=\/wp\/v2\/pages"}],"about":[{"href":"http:\/\/labos.univ-alger.dz\/LSIGIMD\/index.php?rest_route=\/wp\/v2\/types\/page"}],"author":[{"embeddable":true,"href":"http:\/\/labos.univ-alger.dz\/LSIGIMD\/index.php?rest_route=\/wp\/v2\/users\/1"}],"replies":[{"embeddable":true,"href":"http:\/\/labos.univ-alger.dz\/LSIGIMD\/index.php?rest_route=%2Fwp%2Fv2%2Fcomments&post=28"}],"version-history":[{"count":1,"href":"http:\/\/labos.univ-alger.dz\/LSIGIMD\/index.php?rest_route=\/wp\/v2\/pages\/28\/revisions"}],"predecessor-version":[{"id":29,"href":"http:\/\/labos.univ-alger.dz\/LSIGIMD\/index.php?rest_route=\/wp\/v2\/pages\/28\/revisions\/29"}],"wp:attachment":[{"href":"http:\/\/labos.univ-alger.dz\/LSIGIMD\/index.php?rest_route=%2Fwp%2Fv2%2Fmedia&parent=28"}],"curies":[{"name":"wp","href":"https:\/\/api.w.org\/{rel}","templated":true}]}}