{"id":35,"date":"2023-11-15T09:49:17","date_gmt":"2023-11-15T08:49:17","guid":{"rendered":"http:\/\/labos.univ-alger.dz\/LREVIECO\/?page_id=35"},"modified":"2023-11-15T09:49:17","modified_gmt":"2023-11-15T08:49:17","slug":"equipes-de-recherche","status":"publish","type":"page","link":"http:\/\/labos.univ-alger.dz\/LREVIECO\/?page_id=35","title":{"rendered":"\u00c9quipes de recherche"},"content":{"rendered":"\n<p>Le laboratoire est compos\u00e9 de 04 \u00e9quipes dont les intitul\u00e9s sont les suivants<\/p>\n\n\n\n<p><strong>Equipe 1<\/strong> : Valorisation des plantes utiles<\/p>\n\n\n\n<p>Chef d\u2019\u00e9quipe&nbsp;: Pr ZERMANE Nadja<\/p>\n\n\n\n<figure class=\"wp-block-embed\"><div class=\"wp-block-embed__wrapper\">\nhttps:\/\/scholar.google.com\/citations?user=IXA8zzoAAAAJ&#038;hl=en\n<\/div><\/figure>\n\n\n\n<p><strong>Membres&nbsp;: &nbsp;&nbsp;&nbsp;&nbsp;<\/strong><\/p>\n\n\n\n<p>AOUDIA Mohamed MAA &nbsp;<a href=\"https:\/\/scholar.google.com\/citations?hl=fr&amp;user=gsc23wwAAAAJ\">https:\/\/scholar.google.com\/citations?hl=fr&amp;user=gsc23wwAAAAJ<\/a><\/p>\n\n\n\n<p>TIRSE Malika Malika Tirse <a href=\"https:\/\/scholar.google.com\/citations?user=lpuheYMAAAAJ\">https:\/\/scholar.google.com\/citations?user=lpuheYMAAAAJ<\/a><\/p>\n\n\n\n<p>IFTICENE Naima<\/p>\n\n\n\n<figure class=\"wp-block-embed\"><div class=\"wp-block-embed__wrapper\">\nhttps:\/\/www.researchgate.net\/profile\/Naima-Ifticene-Habani\n<\/div><\/figure>\n\n\n\n<p><strong>Equipe 2<\/strong> : Evaluation et pr\u00e9servation des ressources halieutiques<\/p>\n\n\n\n<p><strong>Chef d\u2019\u00e9quipe&nbsp;<\/strong>: BOUAZIZ Ahmed <a href=\"https:\/\/scholar.google.fr\/citations?user=b6siXq8AAAAJ&amp;hl=fr\">https:\/\/scholar.google.fr\/citations?user=b6siXq8AAAAJ&amp;hl=fr<\/a><\/p>\n\n\n\n<p><strong>Membres<\/strong>&nbsp;:<\/p>\n\n\n\n<p>Boutmedjet Ahmed MCB Universit\u00e9 Ghardaia <a href=\"https:\/\/scholar.google.fr\/citations?hl=fr&amp;user=JawD6vQAAAAJ\">https:\/\/scholar.google.fr\/citations?hl=fr&amp;user=JawD6vQAAAAJ<\/a><\/p>\n\n\n\n<p>SAADOUN Noria&nbsp;&nbsp;&nbsp;&nbsp;&nbsp;&nbsp;&nbsp;&nbsp;&nbsp;&nbsp;&nbsp;&nbsp;&nbsp;&nbsp;&nbsp;&nbsp; Membre associ\u00e9e<\/p>\n\n\n\n<figure class=\"wp-block-embed\"><div class=\"wp-block-embed__wrapper\">\nhttps:\/\/scholar.google.com\/scholar?hl=fr&#038;as_sdt=0%2C5&#038;q=saadoun+noria&#038;oq=\n<\/div><\/figure>\n\n\n\n<p>Bouseba Abdeljalil &nbsp;&nbsp;&nbsp;&nbsp;&nbsp;&nbsp;&nbsp;&nbsp;&nbsp;&nbsp;&nbsp;&nbsp;&nbsp;&nbsp;&nbsp;&nbsp;&nbsp;&nbsp;&nbsp;&nbsp;&nbsp;&nbsp;&nbsp;&nbsp;&nbsp;&nbsp;&nbsp;&nbsp; Doctorant <strong>Ecologie et environnement<\/strong><\/p>\n\n\n\n<p><strong>Equipe 3<\/strong> : Evaluation de la biodiversit\u00e9<\/p>\n\n\n\n<p>Chef d\u2019\u00e9quipe&nbsp;: TOUMI Mohamed <a href=\"https:\/\/scholar.google.com\/citations?user=7xIQTZIAAAAJ&amp;hl=fr\">https:\/\/scholar.google.com\/citations?user=7xIQTZIAAAAJ&amp;hl=fr<\/a><\/p>\n\n\n\n<p><strong>Membres &nbsp;&nbsp;&nbsp;&nbsp;&nbsp;&nbsp;&nbsp;&nbsp;<\/strong><\/p>\n\n\n\n<p>SLIMANI Asma &nbsp;<a href=\"https:\/\/scholar.google.com\/citations?user=1dma_YQAAAAJ&amp;hl=fr\">https:\/\/scholar.google.com\/citations?user=1dma_YQAAAAJ&amp;hl=fr<\/a><\/p>\n\n\n\n<p>BENKHALIFA Abderrahmane <a href=\"https:\/\/scholar.google.com\/citations?user=7Gfaqd0AAAAJ&amp;hl=fr\">https:\/\/scholar.google.com\/citations?user=7Gfaqd0AAAAJ&amp;hl=fr<\/a><\/p>\n\n\n\n<p>Azaoui Rima Doctorante <strong>Ecologie et environnement<\/strong><\/p>\n\n\n\n<p>Ameur Samiha Doctorante <strong>Ecologie et environnement<\/strong><\/p>\n\n\n\n<p><strong>Equipe 4<\/strong> : Evaluation et valorisation des ressources microbienne et faunistique<\/p>\n\n\n\n<p>Chef d\u2019\u00e9quipe&nbsp;: Bouzidi-Bessas Amina MCB &nbsp;&nbsp;&nbsp;&nbsp;&nbsp;&nbsp;&nbsp;&nbsp;&nbsp;&nbsp;&nbsp;&nbsp;&nbsp;&nbsp;&nbsp; Universit\u00e9 Alger 1<\/p>\n\n\n\n<figure class=\"wp-block-embed\"><div class=\"wp-block-embed__wrapper\">\nhttps:\/\/scholar.google.com\/citations?user=H1mKbf8AAAAJ&#038;hl=fr\n<\/div><\/figure>\n\n\n\n<p><strong>Membres&nbsp;&nbsp;&nbsp;&nbsp;&nbsp;&nbsp;&nbsp;&nbsp;&nbsp;<\/strong><\/p>\n\n\n\n<p>Zaid-Bouchou Lynda &nbsp;&nbsp;&nbsp;&nbsp;&nbsp;&nbsp;&nbsp;&nbsp;&nbsp;&nbsp;&nbsp;&nbsp;&nbsp;&nbsp;&nbsp; MCB&nbsp;&nbsp;&nbsp;&nbsp;&nbsp;&nbsp;&nbsp;&nbsp;&nbsp;&nbsp;&nbsp;&nbsp;&nbsp;&nbsp;&nbsp;&nbsp; Universit\u00e9 Alger 1 <a href=\"https:\/\/scholar.google.com\/citations?hl=fr&amp;user=lXGICb0AAAAJ\">https:\/\/scholar.google.com\/citations?hl=fr&amp;user=lXGICb0AAAAJ<\/a><\/p>\n\n\n\n<p>DAAS Mohamed S\u00e9ghir&nbsp;&nbsp;&nbsp;&nbsp;&nbsp;&nbsp;&nbsp;&nbsp;&nbsp;&nbsp;&nbsp;&nbsp; MR&nbsp;&nbsp;&nbsp;&nbsp;&nbsp;&nbsp;&nbsp;&nbsp;&nbsp;&nbsp;&nbsp;&nbsp;&nbsp;&nbsp;&nbsp;&nbsp;&nbsp;&nbsp; INRAA<a href=\"https:\/\/scholar.google.com\/citations?user=udHgcaEAAAAJ&amp;hl=fr\">https:\/\/scholar.google.com\/citations?user=udHgcaEAAAAJ&amp;hl=fr<\/a><\/p>\n","protected":false},"excerpt":{"rendered":"<p>Le laboratoire est compos\u00e9 de 04 \u00e9quipes dont les intitul\u00e9s sont les suivants Equipe 1 : Valorisation des plantes utiles Chef d\u2019\u00e9quipe&nbsp;: Pr ZERMANE Nadja Membres&nbsp;: &nbsp;&nbsp;&nbsp;&nbsp; AOUDIA Mohamed MAA &nbsp;https:\/\/scholar.google.com\/citations?hl=fr&amp;user=gsc23wwAAAAJ TIRSE Malika Malika Tirse https:\/\/scholar.google.com\/citations?user=lpuheYMAAAAJ IFTICENE Naima Equipe 2 : Evaluation et pr\u00e9servation des ressources halieutiques Chef d\u2019\u00e9quipe&nbsp;: BOUAZIZ Ahmed https:\/\/scholar.google.fr\/citations?user=b6siXq8AAAAJ&amp;hl=fr Membres&nbsp;: Boutmedjet Ahmed [&hellip;]<\/p>\n","protected":false},"author":1,"featured_media":0,"parent":0,"menu_order":0,"comment_status":"closed","ping_status":"closed","template":"","meta":[],"_links":{"self":[{"href":"http:\/\/labos.univ-alger.dz\/LREVIECO\/index.php?rest_route=\/wp\/v2\/pages\/35"}],"collection":[{"href":"http:\/\/labos.univ-alger.dz\/LREVIECO\/index.php?rest_route=\/wp\/v2\/pages"}],"about":[{"href":"http:\/\/labos.univ-alger.dz\/LREVIECO\/index.php?rest_route=\/wp\/v2\/types\/page"}],"author":[{"embeddable":true,"href":"http:\/\/labos.univ-alger.dz\/LREVIECO\/index.php?rest_route=\/wp\/v2\/users\/1"}],"replies":[{"embeddable":true,"href":"http:\/\/labos.univ-alger.dz\/LREVIECO\/index.php?rest_route=%2Fwp%2Fv2%2Fcomments&post=35"}],"version-history":[{"count":1,"href":"http:\/\/labos.univ-alger.dz\/LREVIECO\/index.php?rest_route=\/wp\/v2\/pages\/35\/revisions"}],"predecessor-version":[{"id":36,"href":"http:\/\/labos.univ-alger.dz\/LREVIECO\/index.php?rest_route=\/wp\/v2\/pages\/35\/revisions\/36"}],"wp:attachment":[{"href":"http:\/\/labos.univ-alger.dz\/LREVIECO\/index.php?rest_route=%2Fwp%2Fv2%2Fmedia&parent=35"}],"curies":[{"name":"wp","href":"https:\/\/api.w.org\/{rel}","templated":true}]}}