{"id":33,"date":"2023-11-15T09:48:30","date_gmt":"2023-11-15T08:48:30","guid":{"rendered":"http:\/\/labos.univ-alger.dz\/LREVIECO\/?page_id=33"},"modified":"2023-11-15T09:48:30","modified_gmt":"2023-11-15T08:48:30","slug":"presentation-du-laboratoire","status":"publish","type":"page","link":"http:\/\/labos.univ-alger.dz\/LREVIECO\/?page_id=33","title":{"rendered":"Pr\u00e9sentation\u00a0du laboratoire"},"content":{"rendered":"\n<p>La cr\u00e9ation du laboratoire REVIECO r\u00e9pondra aux besoins des fili\u00e8res des Sciences Biologiques et de l\u2019Ecologie et l\u2019Environnement au sein du d\u00e9partement des Sciences de la Nature et de la Vie (SNV). Il vise la cr\u00e9ation d\u2019un cadre de recherche ad\u00e9quat au profit des nouveaux mast\u00e9rants et doctorants que le d\u00e9partement a initi\u00e9 la formation \u00e0 partir de l\u2019ann\u00e9e universitaire 2019-2020. De surcro\u00eet, et en harmonie avec le programme des enseignements, la cr\u00e9ation d\u2019un laboratoire qui s\u2019int\u00e9resse \u00e0 l\u2019inventaire de la biodiversit\u00e9 alg\u00e9rienne, dans le but de sa valorisation et de sa pr\u00e9servation, jumel\u00e9 \u00e0 l\u2019\u00e9laboration de bases de donn\u00e9es de la flore et de la faune des \u00e9cosyst\u00e8mes terrestres et marins s\u2019av\u00e8re indispensable. Avec le dynamisme de sa composante et la notori\u00e9t\u00e9 de ses professeurs l\u2019adoption de ce nouveau laboratoire aura des r\u00e9percussions tr\u00e8s positives sur la visibilit\u00e9 de l\u2019Universit\u00e9 Alger 1 et de sa Facult\u00e9 des Sciences \u00e0 l\u2019\u00e9chelle internationale ainsi que sur la trilogie Recherche-Formation-D\u00e9veloppement qui est au centre de leurs pr\u00e9occupations.<\/p>\n","protected":false},"excerpt":{"rendered":"<p>La cr\u00e9ation du laboratoire REVIECO r\u00e9pondra aux besoins des fili\u00e8res des Sciences Biologiques et de l\u2019Ecologie et l\u2019Environnement au sein du d\u00e9partement des Sciences de la Nature et de la Vie (SNV). Il vise la cr\u00e9ation d\u2019un cadre de recherche ad\u00e9quat au profit des nouveaux mast\u00e9rants et doctorants que le d\u00e9partement a initi\u00e9 la formation [&hellip;]<\/p>\n","protected":false},"author":1,"featured_media":0,"parent":0,"menu_order":0,"comment_status":"closed","ping_status":"closed","template":"","meta":[],"_links":{"self":[{"href":"http:\/\/labos.univ-alger.dz\/LREVIECO\/index.php?rest_route=\/wp\/v2\/pages\/33"}],"collection":[{"href":"http:\/\/labos.univ-alger.dz\/LREVIECO\/index.php?rest_route=\/wp\/v2\/pages"}],"about":[{"href":"http:\/\/labos.univ-alger.dz\/LREVIECO\/index.php?rest_route=\/wp\/v2\/types\/page"}],"author":[{"embeddable":true,"href":"http:\/\/labos.univ-alger.dz\/LREVIECO\/index.php?rest_route=\/wp\/v2\/users\/1"}],"replies":[{"embeddable":true,"href":"http:\/\/labos.univ-alger.dz\/LREVIECO\/index.php?rest_route=%2Fwp%2Fv2%2Fcomments&post=33"}],"version-history":[{"count":1,"href":"http:\/\/labos.univ-alger.dz\/LREVIECO\/index.php?rest_route=\/wp\/v2\/pages\/33\/revisions"}],"predecessor-version":[{"id":34,"href":"http:\/\/labos.univ-alger.dz\/LREVIECO\/index.php?rest_route=\/wp\/v2\/pages\/33\/revisions\/34"}],"wp:attachment":[{"href":"http:\/\/labos.univ-alger.dz\/LREVIECO\/index.php?rest_route=%2Fwp%2Fv2%2Fmedia&parent=33"}],"curies":[{"name":"wp","href":"https:\/\/api.w.org\/{rel}","templated":true}]}}