{"id":79,"date":"2023-01-29T22:54:32","date_gmt":"2023-01-29T21:54:32","guid":{"rendered":"http:\/\/labos.univ-alger.dz\/LPGI\/?page_id=79"},"modified":"2023-01-29T23:10:10","modified_gmt":"2023-01-29T22:10:10","slug":"presentation-du-labo","status":"publish","type":"page","link":"http:\/\/labos.univ-alger.dz\/LPGI\/?page_id=79","title":{"rendered":"Pr\u00e9sentation du labo"},"content":{"rendered":"\n<p>Cr\u00e9e par Arr\u00eat\u00e9 Minist\u00e9riel N\u00b0872 du 1er octobre 2018, le Laboratoire de Recherche en Pharmacie Gal\u00e9nique et Industrielle est localis\u00e9 au sein de l\u2019universit\u00e9 d\u2019Alger 1, sis 02 rue Didouche Mourad, Alger. Dirig\u00e9 par Pr GHANASSI Fatma Zohra, il est form\u00e9 17 enseignants chercheurs, issus de diff\u00e9rentes sp\u00e9cialit\u00e9s (pharmacie gal\u00e9nique, chimie analytique et pharmacologie), r\u00e9partis en cinq (05) \u00e9quipes de recherche travaillant sur des probl\u00e9matiques voisines et interagissant dans le domaine du d\u00e9veloppement pharmaceutique.<\/p>\n\n\n\n<p>Les th\u00e8mes pris en charge par le laboratoire sont :<\/p>\n\n\n\n<ul>\n<li>D\u00e9veloppement gal\u00e9nique de diff\u00e9rentes formes pharmaceutiques tel que :<\/li>\n\n\n\n<li>Vecteurs m\u00e9dicamenteux : Liposomes, micro et nanoparticules lipidiques, \u00e9mulsions multiples;<\/li>\n\n\n\n<li>Formes s\u00e8ches : comprim\u00e9s \u00e0 lib\u00e9ration conventionnelle, acc\u00e9l\u00e9r\u00e9e, prolong\u00e9e, et contr\u00f4l\u00e9e ;<\/li>\n\n\n\n<li>Formes topiques : Emulsions simples, mousses, \u00e9mulgels, pommades, suspensions et gels.<\/li>\n<\/ul>\n\n\n\n<ul>\n<li>D\u00e9veloppement pharmaco-toxicologique :<\/li>\n\n\n\n<li>D\u00e9veloppement de mod\u00e8les exp\u00e9rimentaux&nbsp;<em>in vitro<\/em>&nbsp;alternatifs \u00e0 l\u2019animal : culture cellulaire stationnaire et tridimensionnelle ;<\/li>\n\n\n\n<li>Essais de s\u00e9curit\u00e9 : \u00e9valuation de la tol\u00e9rance locale ;<\/li>\n\n\n\n<li>Essais pharmacodynamiques : \u00e9valuation de l\u2019efficacit\u00e9.<\/li>\n<\/ul>\n\n\n\n<ul>\n<li>D\u00e9veloppement analytique :<\/li>\n\n\n\n<li>Mise au point de m\u00e9thodes analytiques alternatives ;<\/li>\n\n\n\n<li>Validation des m\u00e9thodes selon les nouvelles approches ;<\/li>\n\n\n\n<li>D\u00e9veloppement de mod\u00e8les math\u00e9matiques \u00e0 base d\u2019outils statistiques associ\u00e9s \u00e0 des outils chimiom\u00e9triques.<\/li>\n<\/ul>\n","protected":false},"excerpt":{"rendered":"<p>Cr\u00e9e par Arr\u00eat\u00e9 Minist\u00e9riel N\u00b0872 du 1er octobre 2018, le Laboratoire de Recherche en Pharmacie Gal\u00e9nique et Industrielle est localis\u00e9 au sein de l\u2019universit\u00e9 d\u2019Alger 1, sis 02 rue Didouche Mourad, Alger. Dirig\u00e9 par Pr GHANASSI Fatma Zohra, il est form\u00e9 17 enseignants chercheurs, issus de diff\u00e9rentes sp\u00e9cialit\u00e9s (pharmacie gal\u00e9nique, chimie analytique et pharmacologie), r\u00e9partis [&hellip;]<\/p>\n","protected":false},"author":1,"featured_media":0,"parent":0,"menu_order":0,"comment_status":"closed","ping_status":"closed","template":"","meta":[],"_links":{"self":[{"href":"http:\/\/labos.univ-alger.dz\/LPGI\/index.php?rest_route=\/wp\/v2\/pages\/79"}],"collection":[{"href":"http:\/\/labos.univ-alger.dz\/LPGI\/index.php?rest_route=\/wp\/v2\/pages"}],"about":[{"href":"http:\/\/labos.univ-alger.dz\/LPGI\/index.php?rest_route=\/wp\/v2\/types\/page"}],"author":[{"embeddable":true,"href":"http:\/\/labos.univ-alger.dz\/LPGI\/index.php?rest_route=\/wp\/v2\/users\/1"}],"replies":[{"embeddable":true,"href":"http:\/\/labos.univ-alger.dz\/LPGI\/index.php?rest_route=%2Fwp%2Fv2%2Fcomments&post=79"}],"version-history":[{"count":2,"href":"http:\/\/labos.univ-alger.dz\/LPGI\/index.php?rest_route=\/wp\/v2\/pages\/79\/revisions"}],"predecessor-version":[{"id":111,"href":"http:\/\/labos.univ-alger.dz\/LPGI\/index.php?rest_route=\/wp\/v2\/pages\/79\/revisions\/111"}],"wp:attachment":[{"href":"http:\/\/labos.univ-alger.dz\/LPGI\/index.php?rest_route=%2Fwp%2Fv2%2Fmedia&parent=79"}],"curies":[{"name":"wp","href":"https:\/\/api.w.org\/{rel}","templated":true}]}}