{"id":45,"date":"2023-01-29T22:50:53","date_gmt":"2023-01-29T21:50:53","guid":{"rendered":"http:\/\/labos.univ-alger.dz\/LPGI\/?page_id=45"},"modified":"2023-02-01T21:54:28","modified_gmt":"2023-02-01T20:54:28","slug":"equipe-5","status":"publish","type":"page","link":"http:\/\/labos.univ-alger.dz\/LPGI\/?page_id=45","title":{"rendered":"Equipe 5"},"content":{"rendered":"\n<p><\/p>\n\n\n\n<ul>\n<li><strong>Nom de l&rsquo;\u00e9quipe <\/strong>: D\u00e9veloppement analytique<\/li>\n\n\n\n<li><strong>Chef d&rsquo;\u00e9quipe <\/strong>: BOUDIS Abdelhakim<\/li>\n\n\n\n<li><strong>Th\u00e8me de l&rsquo;\u00e9quipe :<\/strong><\/li>\n<\/ul>\n\n\n\n<p>D\u00e9veloppement de m\u00e9thodes analytiques alternatives pour le dosage de mol\u00e9cules pharmaceutiques d&rsquo;int\u00e9r\u00eat et validation de ces m\u00e9thodes selon les nouvelles approches. Ces m\u00e9thodes alternatives permettront un gain de temps, \u00e9conomique, et \u00e9cologique.<\/p>\n\n\n\n<ul>\n<li><strong>Nom des chercheurs et grades :<\/strong><\/li>\n<\/ul>\n\n\n\n<figure class=\"wp-block-table\"><table><tbody><tr><td>BOUDIS Abdelhakim<\/td><td>Professeur<\/td><\/tr><tr><td>DJEBROUNI Karima<\/td><td>Maitre assistante A<\/td><\/tr><tr><td>AMZIANE Ahmed<\/td><td>Maitre assistante A<\/td><\/tr><tr><td>LAOUFI Nardjess<\/td><td>Maitre assistante A<\/td><\/tr><\/tbody><\/table><\/figure>\n","protected":false},"excerpt":{"rendered":"<p>D\u00e9veloppement de m\u00e9thodes analytiques alternatives pour le dosage de mol\u00e9cules pharmaceutiques d&rsquo;int\u00e9r\u00eat et validation de ces m\u00e9thodes selon les nouvelles approches. Ces m\u00e9thodes alternatives permettront un gain de temps, \u00e9conomique, et \u00e9cologique. BOUDIS Abdelhakim Professeur DJEBROUNI Karima Maitre assistante A AMZIANE Ahmed Maitre assistante A LAOUFI Nardjess Maitre assistante A<\/p>\n","protected":false},"author":1,"featured_media":0,"parent":0,"menu_order":0,"comment_status":"closed","ping_status":"closed","template":"","meta":[],"_links":{"self":[{"href":"http:\/\/labos.univ-alger.dz\/LPGI\/index.php?rest_route=\/wp\/v2\/pages\/45"}],"collection":[{"href":"http:\/\/labos.univ-alger.dz\/LPGI\/index.php?rest_route=\/wp\/v2\/pages"}],"about":[{"href":"http:\/\/labos.univ-alger.dz\/LPGI\/index.php?rest_route=\/wp\/v2\/types\/page"}],"author":[{"embeddable":true,"href":"http:\/\/labos.univ-alger.dz\/LPGI\/index.php?rest_route=\/wp\/v2\/users\/1"}],"replies":[{"embeddable":true,"href":"http:\/\/labos.univ-alger.dz\/LPGI\/index.php?rest_route=%2Fwp%2Fv2%2Fcomments&post=45"}],"version-history":[{"count":2,"href":"http:\/\/labos.univ-alger.dz\/LPGI\/index.php?rest_route=\/wp\/v2\/pages\/45\/revisions"}],"predecessor-version":[{"id":118,"href":"http:\/\/labos.univ-alger.dz\/LPGI\/index.php?rest_route=\/wp\/v2\/pages\/45\/revisions\/118"}],"wp:attachment":[{"href":"http:\/\/labos.univ-alger.dz\/LPGI\/index.php?rest_route=%2Fwp%2Fv2%2Fmedia&parent=45"}],"curies":[{"name":"wp","href":"https:\/\/api.w.org\/{rel}","templated":true}]}}