{"id":43,"date":"2023-01-29T22:50:43","date_gmt":"2023-01-29T21:50:43","guid":{"rendered":"http:\/\/labos.univ-alger.dz\/LPGI\/?page_id=43"},"modified":"2023-02-01T21:53:23","modified_gmt":"2023-02-01T20:53:23","slug":"equipe-4","status":"publish","type":"page","link":"http:\/\/labos.univ-alger.dz\/LPGI\/?page_id=43","title":{"rendered":"Equipe 4"},"content":{"rendered":"\n<p><\/p>\n\n\n\n<ul>\n<li><strong>Nom de l&rsquo;\u00e9quipe<\/strong> : Pharmaco-toxicologie<\/li>\n\n\n\n<li><strong>Chef d&rsquo;\u00e9quipe<\/strong> : CHADER Henni<\/li>\n\n\n\n<li><strong>Th\u00e8me de l&rsquo;\u00e9quipe :<\/strong><\/li>\n<\/ul>\n\n\n\n<p>D\u00e9veloppement de mod\u00e8les biologiques exp\u00e9rimentaux pour \u00e9valuer objectivement la s\u00e9curit\u00e9 et l\u2019efficacit\u00e9 d&rsquo;actifs naturels, extraits de la flore alg\u00e9rienne. Les mod\u00e8les <em>in vivo <\/em>font appel \u00e0 des animaux de laboratoire alors que les mod\u00e8les <em>in vitro<\/em> concernent l&rsquo;utilisation de cultures cellulaires et organotypiques.<\/p>\n\n\n\n<ul>\n<li><strong>\u00a0Nom des chercheurs et grades :<\/strong><\/li>\n<\/ul>\n\n\n\n<figure class=\"wp-block-table\"><table><tbody><tr><td>CHADER Henni<\/td><td>Professeur<\/td><\/tr><tr><td>GHORAB Achouak<\/td><td>Maitre assistante A<\/td><\/tr><tr><td>BOUCHENAK Farida<\/td><td>Maitre assistante A<\/td><\/tr><\/tbody><\/table><\/figure>\n","protected":false},"excerpt":{"rendered":"<p>D\u00e9veloppement de mod\u00e8les biologiques exp\u00e9rimentaux pour \u00e9valuer objectivement la s\u00e9curit\u00e9 et l\u2019efficacit\u00e9 d&rsquo;actifs naturels, extraits de la flore alg\u00e9rienne. Les mod\u00e8les in vivo font appel \u00e0 des animaux de laboratoire alors que les mod\u00e8les in vitro concernent l&rsquo;utilisation de cultures cellulaires et organotypiques. CHADER Henni Professeur GHORAB Achouak Maitre assistante A BOUCHENAK Farida Maitre assistante [&hellip;]<\/p>\n","protected":false},"author":1,"featured_media":0,"parent":0,"menu_order":0,"comment_status":"closed","ping_status":"closed","template":"","meta":[],"_links":{"self":[{"href":"http:\/\/labos.univ-alger.dz\/LPGI\/index.php?rest_route=\/wp\/v2\/pages\/43"}],"collection":[{"href":"http:\/\/labos.univ-alger.dz\/LPGI\/index.php?rest_route=\/wp\/v2\/pages"}],"about":[{"href":"http:\/\/labos.univ-alger.dz\/LPGI\/index.php?rest_route=\/wp\/v2\/types\/page"}],"author":[{"embeddable":true,"href":"http:\/\/labos.univ-alger.dz\/LPGI\/index.php?rest_route=\/wp\/v2\/users\/1"}],"replies":[{"embeddable":true,"href":"http:\/\/labos.univ-alger.dz\/LPGI\/index.php?rest_route=%2Fwp%2Fv2%2Fcomments&post=43"}],"version-history":[{"count":2,"href":"http:\/\/labos.univ-alger.dz\/LPGI\/index.php?rest_route=\/wp\/v2\/pages\/43\/revisions"}],"predecessor-version":[{"id":117,"href":"http:\/\/labos.univ-alger.dz\/LPGI\/index.php?rest_route=\/wp\/v2\/pages\/43\/revisions\/117"}],"wp:attachment":[{"href":"http:\/\/labos.univ-alger.dz\/LPGI\/index.php?rest_route=%2Fwp%2Fv2%2Fmedia&parent=43"}],"curies":[{"name":"wp","href":"https:\/\/api.w.org\/{rel}","templated":true}]}}