{"id":41,"date":"2023-01-29T22:50:33","date_gmt":"2023-01-29T21:50:33","guid":{"rendered":"http:\/\/labos.univ-alger.dz\/LPGI\/?page_id=41"},"modified":"2023-02-01T21:52:45","modified_gmt":"2023-02-01T20:52:45","slug":"equipe-3","status":"publish","type":"page","link":"http:\/\/labos.univ-alger.dz\/LPGI\/?page_id=41","title":{"rendered":"Equipe 3"},"content":{"rendered":"\n<p><\/p>\n\n\n\n<ul>\n<li><strong>Nom de l&rsquo;\u00e9quipe<\/strong> : Dermopharmacie et dermo-cosm\u00e9tologie<\/li>\n\n\n\n<li><strong>Chef d&rsquo;\u00e9quipe<\/strong> : DJERABA Samia<\/li>\n\n\n\n<li><strong>Th\u00e8me de l&rsquo;\u00e9quipe <\/strong>:<\/li>\n<\/ul>\n\n\n\n<p>D\u00e9veloppement gal\u00e9nique de formes \u00e0 usage topique (\u00e9mulsions, cr\u00e8mes, pommades, gels&#8230;) \u00e0 base d&rsquo;actifs naturels, afin d&rsquo;agir sur les diff\u00e9rentes fonctions de la peau (ex. cicatrisation, photo protection), sur des pathologies cutan\u00e9es (ex. inflammation, ecz\u00e9ma, acn\u00e9), ainsi que sur d&rsquo;autres aspects (amincissement, vieillissement cutan\u00e9).<\/p>\n\n\n\n<ul>\n<li><strong>\u00a0Nom des chercheurs et grades :<\/strong><\/li>\n<\/ul>\n\n\n\n<figure class=\"wp-block-table\"><table><tbody><tr><td>DJERABA Samia<\/td><td>Professeur<\/td><\/tr><tr><td>AMERYAHIA Mounira<\/td><td>Maitre assistante A<\/td><\/tr><tr><td>HADDAD Hiba<\/td><td>Maitre assistante A<\/td><\/tr><\/tbody><\/table><\/figure>\n","protected":false},"excerpt":{"rendered":"<p>D\u00e9veloppement gal\u00e9nique de formes \u00e0 usage topique (\u00e9mulsions, cr\u00e8mes, pommades, gels&#8230;) \u00e0 base d&rsquo;actifs naturels, afin d&rsquo;agir sur les diff\u00e9rentes fonctions de la peau (ex. cicatrisation, photo protection), sur des pathologies cutan\u00e9es (ex. inflammation, ecz\u00e9ma, acn\u00e9), ainsi que sur d&rsquo;autres aspects (amincissement, vieillissement cutan\u00e9). DJERABA Samia Professeur AMERYAHIA Mounira Maitre assistante A HADDAD Hiba Maitre [&hellip;]<\/p>\n","protected":false},"author":1,"featured_media":0,"parent":0,"menu_order":0,"comment_status":"closed","ping_status":"closed","template":"","meta":[],"_links":{"self":[{"href":"http:\/\/labos.univ-alger.dz\/LPGI\/index.php?rest_route=\/wp\/v2\/pages\/41"}],"collection":[{"href":"http:\/\/labos.univ-alger.dz\/LPGI\/index.php?rest_route=\/wp\/v2\/pages"}],"about":[{"href":"http:\/\/labos.univ-alger.dz\/LPGI\/index.php?rest_route=\/wp\/v2\/types\/page"}],"author":[{"embeddable":true,"href":"http:\/\/labos.univ-alger.dz\/LPGI\/index.php?rest_route=\/wp\/v2\/users\/1"}],"replies":[{"embeddable":true,"href":"http:\/\/labos.univ-alger.dz\/LPGI\/index.php?rest_route=%2Fwp%2Fv2%2Fcomments&post=41"}],"version-history":[{"count":3,"href":"http:\/\/labos.univ-alger.dz\/LPGI\/index.php?rest_route=\/wp\/v2\/pages\/41\/revisions"}],"predecessor-version":[{"id":116,"href":"http:\/\/labos.univ-alger.dz\/LPGI\/index.php?rest_route=\/wp\/v2\/pages\/41\/revisions\/116"}],"wp:attachment":[{"href":"http:\/\/labos.univ-alger.dz\/LPGI\/index.php?rest_route=%2Fwp%2Fv2%2Fmedia&parent=41"}],"curies":[{"name":"wp","href":"https:\/\/api.w.org\/{rel}","templated":true}]}}