{"id":37,"date":"2023-01-29T22:50:10","date_gmt":"2023-01-29T21:50:10","guid":{"rendered":"http:\/\/labos.univ-alger.dz\/LPGI\/?page_id=37"},"modified":"2023-02-01T21:50:47","modified_gmt":"2023-02-01T20:50:47","slug":"equipe-1","status":"publish","type":"page","link":"http:\/\/labos.univ-alger.dz\/LPGI\/?page_id=37","title":{"rendered":"Equipe 1"},"content":{"rendered":"\n<p><\/p>\n\n\n\n<ul>\n<li><strong>Nom de l&rsquo;\u00e9quipe<\/strong> : Nanoparticules lipidiques<\/li>\n\n\n\n<li><strong>Chef d&rsquo;\u00e9quipe<\/strong> : GHANASSI Fatma Zohra<\/li>\n\n\n\n<li><strong>Th\u00e8me de l&rsquo;\u00e9quipe :<\/strong><\/li>\n<\/ul>\n\n\n\n<p>D\u00e9veloppement gal\u00e9nique de Nanoparticules Lipidiques Solides (SLNs) afin d&rsquo;accroitre la p\u00e9n\u00e9tration intracellulaire des substances actives et d&rsquo;am\u00e9liorer leur sp\u00e9cificit\u00e9 d\u2019action, tout en les prot\u00e9geant de l\u2019inactivation chimique, enzymatique et\/ou immunologique entre le site d\u2019administration et la cible biologique vis\u00e9e.<\/p>\n\n\n\n<ul>\n<li><strong>Nom des chercheurs et grades :<\/strong><\/li>\n<\/ul>\n\n\n\n<figure class=\"wp-block-table\"><table><tbody><tr><td>GHANASSI Fatma Zohra<\/td><td>Professeur<\/td><\/tr><tr><td>TABET Youcef<\/td><td>Maitre assistant A<\/td><\/tr><tr><td>DJILANI Salma<\/td><td>Maitre assistante A<\/td><\/tr><tr><td>HEDIBEL Meriem<\/td><td>Maitre assistante A<\/td><\/tr><\/tbody><\/table><\/figure>\n","protected":false},"excerpt":{"rendered":"<p>D\u00e9veloppement gal\u00e9nique de Nanoparticules Lipidiques Solides (SLNs) afin d&rsquo;accroitre la p\u00e9n\u00e9tration intracellulaire des substances actives et d&rsquo;am\u00e9liorer leur sp\u00e9cificit\u00e9 d\u2019action, tout en les prot\u00e9geant de l\u2019inactivation chimique, enzymatique et\/ou immunologique entre le site d\u2019administration et la cible biologique vis\u00e9e. GHANASSI Fatma Zohra Professeur TABET Youcef Maitre assistant A DJILANI Salma Maitre assistante A HEDIBEL Meriem [&hellip;]<\/p>\n","protected":false},"author":1,"featured_media":0,"parent":0,"menu_order":0,"comment_status":"closed","ping_status":"closed","template":"","meta":[],"_links":{"self":[{"href":"http:\/\/labos.univ-alger.dz\/LPGI\/index.php?rest_route=\/wp\/v2\/pages\/37"}],"collection":[{"href":"http:\/\/labos.univ-alger.dz\/LPGI\/index.php?rest_route=\/wp\/v2\/pages"}],"about":[{"href":"http:\/\/labos.univ-alger.dz\/LPGI\/index.php?rest_route=\/wp\/v2\/types\/page"}],"author":[{"embeddable":true,"href":"http:\/\/labos.univ-alger.dz\/LPGI\/index.php?rest_route=\/wp\/v2\/users\/1"}],"replies":[{"embeddable":true,"href":"http:\/\/labos.univ-alger.dz\/LPGI\/index.php?rest_route=%2Fwp%2Fv2%2Fcomments&post=37"}],"version-history":[{"count":2,"href":"http:\/\/labos.univ-alger.dz\/LPGI\/index.php?rest_route=\/wp\/v2\/pages\/37\/revisions"}],"predecessor-version":[{"id":113,"href":"http:\/\/labos.univ-alger.dz\/LPGI\/index.php?rest_route=\/wp\/v2\/pages\/37\/revisions\/113"}],"wp:attachment":[{"href":"http:\/\/labos.univ-alger.dz\/LPGI\/index.php?rest_route=%2Fwp%2Fv2%2Fmedia&parent=37"}],"curies":[{"name":"wp","href":"https:\/\/api.w.org\/{rel}","templated":true}]}}