{"id":119,"date":"2023-02-01T22:04:55","date_gmt":"2023-02-01T21:04:55","guid":{"rendered":"http:\/\/labos.univ-alger.dz\/LPGI\/?page_id=119"},"modified":"2023-02-01T22:04:55","modified_gmt":"2023-02-01T21:04:55","slug":"non-equipes-de-recherche","status":"publish","type":"page","link":"http:\/\/labos.univ-alger.dz\/LPGI\/?page_id=119","title":{"rendered":"Non \u00e9quipes de recherche"},"content":{"rendered":"\n<div class=\"is-layout-flex wp-container-4 wp-block-columns\">\n<div class=\"is-layout-flow wp-block-column\">\n<p class=\"has-text-align-center has-cyan-bluish-gray-background-color has-background\"><strong>Equipe 1<\/strong><\/p>\n\n\n\n<p class=\"has-text-align-center has-cyan-bluish-gray-background-color has-background\"><strong>Nanoparticules lipidiques<\/strong><\/p>\n\n\n\n<p><\/p>\n<\/div>\n\n\n\n<div class=\"is-layout-flow wp-block-column\">\n<p class=\"has-text-align-center has-pale-cyan-blue-background-color has-background\"><strong>Equipe 2<\/strong><\/p>\n\n\n\n<p class=\"has-text-align-center has-pale-cyan-blue-background-color has-background\"><strong>D\u00e9veloppement gal\u00e9nique des formes s\u00e8ches<\/strong><\/p>\n<\/div>\n\n\n\n<div class=\"is-layout-flow wp-block-column\">\n<p class=\"has-text-align-center has-luminous-vivid-orange-background-color has-background\"><strong>Equipe 3<\/strong><\/p>\n\n\n\n<p class=\"has-text-align-center has-luminous-vivid-orange-background-color has-background\"><strong>Dermopharmacie et dermo-cosm\u00e9tologie<\/strong><\/p>\n<\/div>\n<\/div>\n\n\n\n<div class=\"is-layout-flex wp-container-7 wp-block-columns\">\n<div class=\"is-layout-flow wp-block-column\">\n<p class=\"has-text-align-center has-luminous-vivid-amber-background-color has-background\"><strong>Equipe 4<\/strong><\/p>\n\n\n\n<p class=\"has-text-align-center has-luminous-vivid-amber-background-color has-background\"><strong>Pharmaco-toxicologie<\/strong><\/p>\n<\/div>\n\n\n\n<div class=\"is-layout-flow wp-block-column\">\n<p class=\"has-text-align-center has-pale-pink-background-color has-background\"><strong>Equipe 5<\/strong><\/p>\n\n\n\n<p class=\"has-text-align-center has-pale-pink-background-color has-background\"><strong>D\u00e9veloppement analytique<\/strong><\/p>\n<\/div>\n<\/div>\n","protected":false},"excerpt":{"rendered":"<p>Equipe 1 Nanoparticules lipidiques Equipe 2 D\u00e9veloppement gal\u00e9nique des formes s\u00e8ches Equipe 3 Dermopharmacie et dermo-cosm\u00e9tologie Equipe 4 Pharmaco-toxicologie Equipe 5 D\u00e9veloppement analytique<\/p>\n","protected":false},"author":1,"featured_media":0,"parent":0,"menu_order":0,"comment_status":"closed","ping_status":"closed","template":"","meta":[],"_links":{"self":[{"href":"http:\/\/labos.univ-alger.dz\/LPGI\/index.php?rest_route=\/wp\/v2\/pages\/119"}],"collection":[{"href":"http:\/\/labos.univ-alger.dz\/LPGI\/index.php?rest_route=\/wp\/v2\/pages"}],"about":[{"href":"http:\/\/labos.univ-alger.dz\/LPGI\/index.php?rest_route=\/wp\/v2\/types\/page"}],"author":[{"embeddable":true,"href":"http:\/\/labos.univ-alger.dz\/LPGI\/index.php?rest_route=\/wp\/v2\/users\/1"}],"replies":[{"embeddable":true,"href":"http:\/\/labos.univ-alger.dz\/LPGI\/index.php?rest_route=%2Fwp%2Fv2%2Fcomments&post=119"}],"version-history":[{"count":1,"href":"http:\/\/labos.univ-alger.dz\/LPGI\/index.php?rest_route=\/wp\/v2\/pages\/119\/revisions"}],"predecessor-version":[{"id":120,"href":"http:\/\/labos.univ-alger.dz\/LPGI\/index.php?rest_route=\/wp\/v2\/pages\/119\/revisions\/120"}],"wp:attachment":[{"href":"http:\/\/labos.univ-alger.dz\/LPGI\/index.php?rest_route=%2Fwp%2Fv2%2Fmedia&parent=119"}],"curies":[{"name":"wp","href":"https:\/\/api.w.org\/{rel}","templated":true}]}}