{"id":62,"date":"2024-03-12T10:35:31","date_gmt":"2024-03-12T09:35:31","guid":{"rendered":"http:\/\/labos.univ-alger.dz\/LMACMH\/?page_id=62"},"modified":"2024-04-02T13:09:10","modified_gmt":"2024-04-02T11:09:10","slug":"mot-du-directeur","status":"publish","type":"page","link":"http:\/\/labos.univ-alger.dz\/LMACMH\/?page_id=62","title":{"rendered":"Mot du directeur"},"content":{"rendered":"\n<p class=\"has-medium-font-size\">Le laboratoire de recherche des m\u00e9decines alternatives et compl\u00e9mentaires en milieu hospitalier a \u00e9t\u00e9 cr\u00e9e par arr\u00eat\u00e9 \u00a0N\u00b0 5 du 18 fevrier\u00a0\u00a0 2018\u00a0;<\/p>\n\n\n\n<p class=\"has-medium-font-size\">Notre laboratoire de recherche est sous les initiales \u00ab&nbsp;MEDAC&nbsp;\u00bb&nbsp;&nbsp; porte des \u00e9quipes &nbsp;pluridisciplinaires&nbsp; Pharmaciens hospitaliers et m\u00e9decins hospitalier.<\/p>\n","protected":false},"excerpt":{"rendered":"<p>Le laboratoire de recherche des m\u00e9decines alternatives et compl\u00e9mentaires en milieu hospitalier a \u00e9t\u00e9 cr\u00e9e par arr\u00eat\u00e9 \u00a0N\u00b0 5 du 18 fevrier\u00a0\u00a0 2018\u00a0; Notre laboratoire de recherche est sous les initiales \u00ab&nbsp;MEDAC&nbsp;\u00bb&nbsp;&nbsp; porte des \u00e9quipes &nbsp;pluridisciplinaires&nbsp; Pharmaciens hospitaliers et m\u00e9decins hospitalier.<\/p>\n","protected":false},"author":1,"featured_media":0,"parent":0,"menu_order":0,"comment_status":"closed","ping_status":"closed","template":"","meta":{"footnotes":""},"_links":{"self":[{"href":"http:\/\/labos.univ-alger.dz\/LMACMH\/index.php?rest_route=\/wp\/v2\/pages\/62"}],"collection":[{"href":"http:\/\/labos.univ-alger.dz\/LMACMH\/index.php?rest_route=\/wp\/v2\/pages"}],"about":[{"href":"http:\/\/labos.univ-alger.dz\/LMACMH\/index.php?rest_route=\/wp\/v2\/types\/page"}],"author":[{"embeddable":true,"href":"http:\/\/labos.univ-alger.dz\/LMACMH\/index.php?rest_route=\/wp\/v2\/users\/1"}],"replies":[{"embeddable":true,"href":"http:\/\/labos.univ-alger.dz\/LMACMH\/index.php?rest_route=%2Fwp%2Fv2%2Fcomments&post=62"}],"version-history":[{"count":2,"href":"http:\/\/labos.univ-alger.dz\/LMACMH\/index.php?rest_route=\/wp\/v2\/pages\/62\/revisions"}],"predecessor-version":[{"id":104,"href":"http:\/\/labos.univ-alger.dz\/LMACMH\/index.php?rest_route=\/wp\/v2\/pages\/62\/revisions\/104"}],"wp:attachment":[{"href":"http:\/\/labos.univ-alger.dz\/LMACMH\/index.php?rest_route=%2Fwp%2Fv2%2Fmedia&parent=62"}],"curies":[{"name":"wp","href":"https:\/\/api.w.org\/{rel}","templated":true}]}}