{"id":49,"date":"2024-03-12T10:34:48","date_gmt":"2024-03-12T09:34:48","guid":{"rendered":"http:\/\/labos.univ-alger.dz\/LMACMH\/?page_id=49"},"modified":"2024-04-03T11:51:57","modified_gmt":"2024-04-03T09:51:57","slug":"equipe-5","status":"publish","type":"page","link":"http:\/\/labos.univ-alger.dz\/LMACMH\/?page_id=49","title":{"rendered":"Equipe 5"},"content":{"rendered":"\n<p><strong>Unit\u00e9 douleur&nbsp;: Pr Khitri Walid<\/strong><\/p>\n\n\n\n<p>L accompagnement de la douleur par les plantes m\u00e9dicinale et sur les huiles essentielles &nbsp;comme soutien de support<\/p>\n\n\n\n<p>Relaxation, anxi\u00e8t\u00e9, insomnie<\/p>\n\n\n\n<p>Recherche et developpement<\/p>\n","protected":false},"excerpt":{"rendered":"<p>Unit\u00e9 douleur&nbsp;: Pr Khitri Walid L accompagnement de la douleur par les plantes m\u00e9dicinale et sur les huiles essentielles &nbsp;comme soutien de support Relaxation, anxi\u00e8t\u00e9, insomnie Recherche et developpement<\/p>\n","protected":false},"author":1,"featured_media":0,"parent":0,"menu_order":0,"comment_status":"closed","ping_status":"closed","template":"","meta":{"footnotes":""},"_links":{"self":[{"href":"http:\/\/labos.univ-alger.dz\/LMACMH\/index.php?rest_route=\/wp\/v2\/pages\/49"}],"collection":[{"href":"http:\/\/labos.univ-alger.dz\/LMACMH\/index.php?rest_route=\/wp\/v2\/pages"}],"about":[{"href":"http:\/\/labos.univ-alger.dz\/LMACMH\/index.php?rest_route=\/wp\/v2\/types\/page"}],"author":[{"embeddable":true,"href":"http:\/\/labos.univ-alger.dz\/LMACMH\/index.php?rest_route=\/wp\/v2\/users\/1"}],"replies":[{"embeddable":true,"href":"http:\/\/labos.univ-alger.dz\/LMACMH\/index.php?rest_route=%2Fwp%2Fv2%2Fcomments&post=49"}],"version-history":[{"count":2,"href":"http:\/\/labos.univ-alger.dz\/LMACMH\/index.php?rest_route=\/wp\/v2\/pages\/49\/revisions"}],"predecessor-version":[{"id":112,"href":"http:\/\/labos.univ-alger.dz\/LMACMH\/index.php?rest_route=\/wp\/v2\/pages\/49\/revisions\/112"}],"wp:attachment":[{"href":"http:\/\/labos.univ-alger.dz\/LMACMH\/index.php?rest_route=%2Fwp%2Fv2%2Fmedia&parent=49"}],"curies":[{"name":"wp","href":"https:\/\/api.w.org\/{rel}","templated":true}]}}