{"id":47,"date":"2024-03-12T10:34:19","date_gmt":"2024-03-12T09:34:19","guid":{"rendered":"http:\/\/labos.univ-alger.dz\/LMACMH\/?page_id=47"},"modified":"2024-04-03T11:51:38","modified_gmt":"2024-04-03T09:51:38","slug":"equipe-4","status":"publish","type":"page","link":"http:\/\/labos.univ-alger.dz\/LMACMH\/?page_id=47","title":{"rendered":"Equipe 4"},"content":{"rendered":"\n<p><strong>Unit\u00e9 de phytovigilence&nbsp;: Pr Smati Dalila<\/strong><\/p>\n\n\n\n<p>Cette unit\u00e9 s\u2019occupe de la protection de la population en limitant le m\u00e9susage des plantes, les interactions des plantes avec les m\u00e9dicaments et avec l alimentation. Recherche et d\u00e9veloppement<\/p>\n","protected":false},"excerpt":{"rendered":"<p>Unit\u00e9 de phytovigilence&nbsp;: Pr Smati Dalila Cette unit\u00e9 s\u2019occupe de la protection de la population en limitant le m\u00e9susage des plantes, les interactions des plantes avec les m\u00e9dicaments et avec l alimentation. Recherche et d\u00e9veloppement<\/p>\n","protected":false},"author":1,"featured_media":0,"parent":0,"menu_order":0,"comment_status":"closed","ping_status":"closed","template":"","meta":{"footnotes":""},"_links":{"self":[{"href":"http:\/\/labos.univ-alger.dz\/LMACMH\/index.php?rest_route=\/wp\/v2\/pages\/47"}],"collection":[{"href":"http:\/\/labos.univ-alger.dz\/LMACMH\/index.php?rest_route=\/wp\/v2\/pages"}],"about":[{"href":"http:\/\/labos.univ-alger.dz\/LMACMH\/index.php?rest_route=\/wp\/v2\/types\/page"}],"author":[{"embeddable":true,"href":"http:\/\/labos.univ-alger.dz\/LMACMH\/index.php?rest_route=\/wp\/v2\/users\/1"}],"replies":[{"embeddable":true,"href":"http:\/\/labos.univ-alger.dz\/LMACMH\/index.php?rest_route=%2Fwp%2Fv2%2Fcomments&post=47"}],"version-history":[{"count":2,"href":"http:\/\/labos.univ-alger.dz\/LMACMH\/index.php?rest_route=\/wp\/v2\/pages\/47\/revisions"}],"predecessor-version":[{"id":111,"href":"http:\/\/labos.univ-alger.dz\/LMACMH\/index.php?rest_route=\/wp\/v2\/pages\/47\/revisions\/111"}],"wp:attachment":[{"href":"http:\/\/labos.univ-alger.dz\/LMACMH\/index.php?rest_route=%2Fwp%2Fv2%2Fmedia&parent=47"}],"curies":[{"name":"wp","href":"https:\/\/api.w.org\/{rel}","templated":true}]}}