{"id":45,"date":"2024-03-12T10:34:05","date_gmt":"2024-03-12T09:34:05","guid":{"rendered":"http:\/\/labos.univ-alger.dz\/LMACMH\/?page_id=45"},"modified":"2024-04-03T11:50:37","modified_gmt":"2024-04-03T09:50:37","slug":"equipe-3","status":"publish","type":"page","link":"http:\/\/labos.univ-alger.dz\/LMACMH\/?page_id=45","title":{"rendered":"Equipe 3"},"content":{"rendered":"\n<p><strong>unit\u00e9 de nutrition&nbsp;: Pr Benmoussa Dalila<\/strong><\/p>\n\n\n\n<p>le malade hospitalier notamment celui qui est atteint de cancer est souvent d\u00e9nutri par la maladie elle-m\u00eame et par le traitement de chimioth\u00e9rapie .<\/p>\n\n\n\n<p>Il est&nbsp; important de s int\u00e9resser \u00e0 ce probl\u00e8mes de nutrition, pour aider le malade&nbsp;&nbsp; \u00e0 mieux vivre et supporter &nbsp;sa pathologie .<\/p>\n","protected":false},"excerpt":{"rendered":"<p>unit\u00e9 de nutrition&nbsp;: Pr Benmoussa Dalila le malade hospitalier notamment celui qui est atteint de cancer est souvent d\u00e9nutri par la maladie elle-m\u00eame et par le traitement de chimioth\u00e9rapie . Il est&nbsp; important de s int\u00e9resser \u00e0 ce probl\u00e8mes de nutrition, pour aider le malade&nbsp;&nbsp; \u00e0 mieux vivre et supporter &nbsp;sa pathologie .<\/p>\n","protected":false},"author":1,"featured_media":0,"parent":0,"menu_order":0,"comment_status":"closed","ping_status":"closed","template":"","meta":{"footnotes":""},"_links":{"self":[{"href":"http:\/\/labos.univ-alger.dz\/LMACMH\/index.php?rest_route=\/wp\/v2\/pages\/45"}],"collection":[{"href":"http:\/\/labos.univ-alger.dz\/LMACMH\/index.php?rest_route=\/wp\/v2\/pages"}],"about":[{"href":"http:\/\/labos.univ-alger.dz\/LMACMH\/index.php?rest_route=\/wp\/v2\/types\/page"}],"author":[{"embeddable":true,"href":"http:\/\/labos.univ-alger.dz\/LMACMH\/index.php?rest_route=\/wp\/v2\/users\/1"}],"replies":[{"embeddable":true,"href":"http:\/\/labos.univ-alger.dz\/LMACMH\/index.php?rest_route=%2Fwp%2Fv2%2Fcomments&post=45"}],"version-history":[{"count":2,"href":"http:\/\/labos.univ-alger.dz\/LMACMH\/index.php?rest_route=\/wp\/v2\/pages\/45\/revisions"}],"predecessor-version":[{"id":110,"href":"http:\/\/labos.univ-alger.dz\/LMACMH\/index.php?rest_route=\/wp\/v2\/pages\/45\/revisions\/110"}],"wp:attachment":[{"href":"http:\/\/labos.univ-alger.dz\/LMACMH\/index.php?rest_route=%2Fwp%2Fv2%2Fmedia&parent=45"}],"curies":[{"name":"wp","href":"https:\/\/api.w.org\/{rel}","templated":true}]}}