{"id":87,"date":"2023-02-21T12:54:46","date_gmt":"2023-02-21T11:54:46","guid":{"rendered":"http:\/\/labos.univ-alger.dz\/LEM\/?page_id=87"},"modified":"2023-02-21T12:54:46","modified_gmt":"2023-02-21T11:54:46","slug":"qui-sommes-nous","status":"publish","type":"page","link":"http:\/\/labos.univ-alger.dz\/LEM\/?page_id=87","title":{"rendered":"<strong>Qui sommes-nous\u00a0?<\/strong>"},"content":{"rendered":"\n<p><strong>Le laboratoire d&rsquo;Endocrinologie et M\u00e9tabolisme est un laboratoire de recherche clinique sur des th\u00e8mes se rapportant aux glandes endocrines et au m\u00e9tabolisme.<\/strong><strong><\/strong><\/p>\n\n\n\n<p>L\u2019Endocrinologie &#8211; M\u00e9tabolisme concerne diverses glandes et pathologies allant de l&rsquo;hypothalamo-hypophyse aux gonades en passant par la thyro\u00efde, les parathyro\u00efdes, les surr\u00e9nales, et bien entendu le pancr\u00e9as, mais aussi les dyslipid\u00e9mies, l&rsquo;ob\u00e9sit\u00e9 \u2026).<\/p>\n\n\n\n<p>L\u2019Endocrinologie- M\u00e9tabolisme s&rsquo;est enrichi, ces derni\u00e8res ann\u00e9es d&rsquo;une jeune sp\u00e9cialit\u00e9 \u00e0 l&rsquo;avenir prometteur, la Nutrition. Son approche est globale, tant en termes d\u2019\u00e9valuation que de prise en charge.<\/p>\n\n\n\n<p>Le champ de recherche du LEM est au carrefour de nombreuses autres sp\u00e9cialit\u00e9s (cardiologie et n\u00e9phrologie, ophtalmologie, neurochirurgie, nutrition, PMA\u2026), et permet une vision exhaustive du patient dans une prise en charge pluri-disciplinaire&#8230; Ses facettes sont multiples allant de l&rsquo;enfant au sujet \u00e2g\u00e9, des pathologies rares aux probl\u00e8mes de sant\u00e9 publique, des affections monog\u00e9niques aux polyg\u00e9niques o\u00f9 s&rsquo;intriquent facteurs g\u00e9n\u00e9tiques et environnementaux<\/p>\n","protected":false},"excerpt":{"rendered":"<p>Le laboratoire d&rsquo;Endocrinologie et M\u00e9tabolisme est un laboratoire de recherche clinique sur des th\u00e8mes se rapportant aux glandes endocrines et au m\u00e9tabolisme. L\u2019Endocrinologie &#8211; M\u00e9tabolisme concerne diverses glandes et pathologies allant de l&rsquo;hypothalamo-hypophyse aux gonades en passant par la thyro\u00efde, les parathyro\u00efdes, les surr\u00e9nales, et bien entendu le pancr\u00e9as, mais aussi les dyslipid\u00e9mies, l&rsquo;ob\u00e9sit\u00e9 \u2026). [&hellip;]<\/p>\n","protected":false},"author":1,"featured_media":0,"parent":0,"menu_order":0,"comment_status":"closed","ping_status":"closed","template":"","meta":[],"_links":{"self":[{"href":"http:\/\/labos.univ-alger.dz\/LEM\/index.php?rest_route=\/wp\/v2\/pages\/87"}],"collection":[{"href":"http:\/\/labos.univ-alger.dz\/LEM\/index.php?rest_route=\/wp\/v2\/pages"}],"about":[{"href":"http:\/\/labos.univ-alger.dz\/LEM\/index.php?rest_route=\/wp\/v2\/types\/page"}],"author":[{"embeddable":true,"href":"http:\/\/labos.univ-alger.dz\/LEM\/index.php?rest_route=\/wp\/v2\/users\/1"}],"replies":[{"embeddable":true,"href":"http:\/\/labos.univ-alger.dz\/LEM\/index.php?rest_route=%2Fwp%2Fv2%2Fcomments&post=87"}],"version-history":[{"count":1,"href":"http:\/\/labos.univ-alger.dz\/LEM\/index.php?rest_route=\/wp\/v2\/pages\/87\/revisions"}],"predecessor-version":[{"id":88,"href":"http:\/\/labos.univ-alger.dz\/LEM\/index.php?rest_route=\/wp\/v2\/pages\/87\/revisions\/88"}],"wp:attachment":[{"href":"http:\/\/labos.univ-alger.dz\/LEM\/index.php?rest_route=%2Fwp%2Fv2%2Fmedia&parent=87"}],"curies":[{"name":"wp","href":"https:\/\/api.w.org\/{rel}","templated":true}]}}