{"id":52,"date":"2023-02-14T19:45:13","date_gmt":"2023-02-14T18:45:13","guid":{"rendered":"http:\/\/labos.univ-alger.dz\/LEM\/?page_id=52"},"modified":"2023-02-14T19:45:13","modified_gmt":"2023-02-14T18:45:13","slug":"presentation-du-labo","status":"publish","type":"page","link":"http:\/\/labos.univ-alger.dz\/LEM\/?page_id=52","title":{"rendered":"Pr\u00e9sentation du labo"},"content":{"rendered":"\n<p><strong>Laboratoire d&rsquo;Endocrinologie et M\u00e9tabolisme est un laboratoire de recherche clinique sur des th\u00e8mes se rapportant aux glandes endocrines et au m\u00e9tabolisme.<\/strong><\/p>\n\n\n\n<p>L\u2019Endocrinologie- M\u00e9tabolisme concerne diverses glandes et pathologies allant de l&rsquo;hypothalamo-hypophyse aux gonades en passant par la thyro\u00efde, les parathyro\u00efdes, les surr\u00e9nales, et bien entendu le pancr\u00e9as, mais aussi les dyslipid\u00e9mies, l&rsquo;ob\u00e9sit\u00e9 \u2026).<\/p>\n\n\n\n<p>L\u2019Endocrinologie- M\u00e9tabolisme s&rsquo;est enrichi, ces derni\u00e8res ann\u00e9es d&rsquo;une jeune sp\u00e9cialit\u00e9 \u00e0 l&rsquo;avenir prometteur, la Nutrition. Son approcheest globale, tant en termes d\u2019\u00e9valuation que de prise en charge.<\/p>\n\n\n\n<p>Le champ de recherche du LEM est au carrefour de nombreuses autres sp\u00e9cialit\u00e9s (cardiologie et n\u00e9phrologie, ophtalmologie, neurochirurgie, nutrition, PMA\u2026), et permet une vision exhaustivedu patient dans une prise en charge pluri-disciplinaire&#8230;<\/p>\n\n\n\n<p>Ses facettes sont multiples allant de l&rsquo;enfant au sujet \u00e2g\u00e9, des pathologies rares aux probl\u00e8mes de sant\u00e9 publique, des affections monog\u00e9niques aux polyg\u00e9niques o\u00f9 s&rsquo;intriquent facteurs g\u00e9n\u00e9tiques et environnementaux.<\/p>\n\n\n\n<p><strong>Ce laboratoire comporte 4 unit\u00e9s :<\/strong><\/p>\n\n\n\n<p>La premi\u00e8re \u00e9quipe travaille sur le ph\u00e9notype et le g\u00e9notype du diab\u00e8te avec comme objectif d\u2019en pr\u00e9dire l&rsquo;\u00e9volution et les complications afin d&rsquo;en personnaliser le traitement. Ce traitement adapt\u00e9 constitue la m\u00e9decine de pr\u00e9cision.<\/p>\n\n\n\n<p>La deuxi\u00e8me \u00e9quipe \u00e9tudie les m\u00e9canismes physiopathologiques et les cons\u00e9quences de la malnutrition chez le sujet \u00e2g\u00e9 afin de valider de nouveaux outils diagnostiques permettant la prise en charge et le suivi. <s><\/s><\/p>\n\n\n\n<p>La troisi\u00e8me \u00e9quipe s&rsquo;int\u00e9resse \u00e0 la zone grise des cytoponctions thyro\u00efdiennes et utilise les marqueurs g\u00e9n\u00e9tiques afin d&rsquo;identifier les nodules malins n\u00e9cessitant une prise en charge chirurgicale, ce qui r\u00e9duira les interventions inutiles.<\/p>\n\n\n\n<p>La quatri\u00e8me \u00e9quipe a comme objectif l&rsquo;\u00e9valuation et la caract\u00e9risation des diff\u00e9rentes tumeurs dont la classification mol\u00e9culaire des cancers papillaires de la thyro\u00efde et le profilage des st\u00e9ro\u00efdes urinaires des tumeurs surr\u00e9naliennes afin de diff\u00e9rencier les l\u00e9sions b\u00e9nignes de celles malignes.<a><\/a><\/p>\n","protected":false},"excerpt":{"rendered":"<p>Laboratoire d&rsquo;Endocrinologie et M\u00e9tabolisme est un laboratoire de recherche clinique sur des th\u00e8mes se rapportant aux glandes endocrines et au m\u00e9tabolisme. L\u2019Endocrinologie- M\u00e9tabolisme concerne diverses glandes et pathologies allant de l&rsquo;hypothalamo-hypophyse aux gonades en passant par la thyro\u00efde, les parathyro\u00efdes, les surr\u00e9nales, et bien entendu le pancr\u00e9as, mais aussi les dyslipid\u00e9mies, l&rsquo;ob\u00e9sit\u00e9 \u2026). L\u2019Endocrinologie- M\u00e9tabolisme [&hellip;]<\/p>\n","protected":false},"author":1,"featured_media":0,"parent":0,"menu_order":0,"comment_status":"closed","ping_status":"closed","template":"","meta":[],"_links":{"self":[{"href":"http:\/\/labos.univ-alger.dz\/LEM\/index.php?rest_route=\/wp\/v2\/pages\/52"}],"collection":[{"href":"http:\/\/labos.univ-alger.dz\/LEM\/index.php?rest_route=\/wp\/v2\/pages"}],"about":[{"href":"http:\/\/labos.univ-alger.dz\/LEM\/index.php?rest_route=\/wp\/v2\/types\/page"}],"author":[{"embeddable":true,"href":"http:\/\/labos.univ-alger.dz\/LEM\/index.php?rest_route=\/wp\/v2\/users\/1"}],"replies":[{"embeddable":true,"href":"http:\/\/labos.univ-alger.dz\/LEM\/index.php?rest_route=%2Fwp%2Fv2%2Fcomments&post=52"}],"version-history":[{"count":1,"href":"http:\/\/labos.univ-alger.dz\/LEM\/index.php?rest_route=\/wp\/v2\/pages\/52\/revisions"}],"predecessor-version":[{"id":53,"href":"http:\/\/labos.univ-alger.dz\/LEM\/index.php?rest_route=\/wp\/v2\/pages\/52\/revisions\/53"}],"wp:attachment":[{"href":"http:\/\/labos.univ-alger.dz\/LEM\/index.php?rest_route=%2Fwp%2Fv2%2Fmedia&parent=52"}],"curies":[{"name":"wp","href":"https:\/\/api.w.org\/{rel}","templated":true}]}}