{"id":55,"date":"2022-11-30T14:28:11","date_gmt":"2022-11-30T13:28:11","guid":{"rendered":"http:\/\/labos.univ-alger.dz\/LCG\/?page_id=55"},"modified":"2022-11-30T14:36:17","modified_gmt":"2022-11-30T13:36:17","slug":"presentation-du-laboratoire","status":"publish","type":"page","link":"http:\/\/labos.univ-alger.dz\/LCG\/?page_id=55","title":{"rendered":"Pr\u00e9sentation du laboratoire"},"content":{"rendered":"\n<p>Le laboratoire de recherche a \u00e9t\u00e9 cr\u00e9e le 21 f\u00e9vrier 2021 domicili\u00e9 \u00e0 l\u2019EHS CPMC Alger, fait<br>partie de la facult\u00e9 de m\u00e9decine d\u2019Alger . Il compte actuellement 19 membres organis\u00e9 en<br>quatre \u00e9quipes de recherche.<br>Les th\u00e8mes du laboratoire de recherche portent sur le cancer d\u2019un point de vue g\u00e9n\u00e9tique<br>qu\u2019il soit familial ou sporadique mais aussi sur la cytog\u00e9n\u00e9tique des retards mentaux.<br>Il a pour but de promouvoir la recherche scientifique par des productions scientifiques et des<br>formations doctorales , mettre en place des techniques novatrices en biologie mol\u00e9culaire<br>mais aussi d\u2019orienter le diagnostic et le traitement.<br>Le laboratoire se projette d\u2019\u00eatre pr\u00e9sent dans des projets nationaux et internationaux .Ses<br>membres participent \u00e0 de nombreux comit\u00e9s \u00e9ditoriaux de revues nationales et comit\u00e9s de<br>programme de conf\u00e9rences nationales.<\/p>\n","protected":false},"excerpt":{"rendered":"<p>Le laboratoire de recherche a \u00e9t\u00e9 cr\u00e9e le 21 f\u00e9vrier 2021 domicili\u00e9 \u00e0 l\u2019EHS CPMC Alger, faitpartie de la facult\u00e9 de m\u00e9decine d\u2019Alger . Il compte actuellement 19 membres organis\u00e9 enquatre \u00e9quipes de recherche.Les th\u00e8mes du laboratoire de recherche portent sur le cancer d\u2019un point de vue g\u00e9n\u00e9tiquequ\u2019il soit familial ou sporadique mais aussi sur [&hellip;]<\/p>\n","protected":false},"author":1,"featured_media":0,"parent":0,"menu_order":0,"comment_status":"closed","ping_status":"closed","template":"","meta":[],"_links":{"self":[{"href":"http:\/\/labos.univ-alger.dz\/LCG\/index.php?rest_route=\/wp\/v2\/pages\/55"}],"collection":[{"href":"http:\/\/labos.univ-alger.dz\/LCG\/index.php?rest_route=\/wp\/v2\/pages"}],"about":[{"href":"http:\/\/labos.univ-alger.dz\/LCG\/index.php?rest_route=\/wp\/v2\/types\/page"}],"author":[{"embeddable":true,"href":"http:\/\/labos.univ-alger.dz\/LCG\/index.php?rest_route=\/wp\/v2\/users\/1"}],"replies":[{"embeddable":true,"href":"http:\/\/labos.univ-alger.dz\/LCG\/index.php?rest_route=%2Fwp%2Fv2%2Fcomments&post=55"}],"version-history":[{"count":2,"href":"http:\/\/labos.univ-alger.dz\/LCG\/index.php?rest_route=\/wp\/v2\/pages\/55\/revisions"}],"predecessor-version":[{"id":77,"href":"http:\/\/labos.univ-alger.dz\/LCG\/index.php?rest_route=\/wp\/v2\/pages\/55\/revisions\/77"}],"wp:attachment":[{"href":"http:\/\/labos.univ-alger.dz\/LCG\/index.php?rest_route=%2Fwp%2Fv2%2Fmedia&parent=55"}],"curies":[{"name":"wp","href":"https:\/\/api.w.org\/{rel}","templated":true}]}}