{"id":47,"date":"2022-11-30T14:26:49","date_gmt":"2022-11-30T13:26:49","guid":{"rendered":"http:\/\/labos.univ-alger.dz\/LCG\/?page_id=47"},"modified":"2022-11-30T14:42:16","modified_gmt":"2022-11-30T13:42:16","slug":"mot-de-la-directrice-du-laboratoire","status":"publish","type":"page","link":"http:\/\/labos.univ-alger.dz\/LCG\/?page_id=47","title":{"rendered":"MOT DU DIRECTEUR"},"content":{"rendered":"\n<p>Le laboratoire de recherche de cytog\u00e9n\u00e9tique et de g\u00e9n\u00e9tique oncologique cr\u00e9e en<br>2021, domicili\u00e9 au CPMC, pour la prise en charge des maladies h\u00e9r\u00e9ditaires fr\u00e9quentes dans<br>notre pays et \u00e9galement celle des cancers familiaux.<br>En effet, la situation de la g\u00e9n\u00e9tique alg\u00e9rienne, nous interpelle :<\/p>\n\n\n\n<ul>\n<li>sur le plan humain : l\u2019absence d\u2019une prise en charge organis\u00e9e de la pathologie,<br>fr\u00e9quente et grave, est intol\u00e9rable ;<\/li>\n\n\n\n<li>sur le plan scientifique : le transfert \u00e0 l\u2019\u00e9tranger des pr\u00e9l\u00e8vements dans un but de<br>diagnostic ou de recherche est inadmissible, devant les comp\u00e9tences existantes ;<br>Cet \u00e9tat est li\u00e9 \u00e0 l\u2019absence des \u00e9quipements indispensables au diagnostic et \u00e0 la recherche.<br>La m\u00e9decine classique c\u00e8de petit \u00e0 petit sa place \u00e0 une nouvelle m\u00e9decine domin\u00e9e par la<br>g\u00e9n\u00e9tique dont les concepts physiopathologiques, la d\u00e9marche diagnostique et les voies<br>th\u00e9rapeutiques ouvertes, reposent sur les donn\u00e9es de la biologie mol\u00e9culaire.<br>La cytog\u00e9n\u00e9tique et la g\u00e9n\u00e9tique du cancer, l\u2019oncog\u00e9n\u00e9tique, permet, entre autres :<\/li>\n\n\n\n<li>de pr\u00e9ciser le r\u00f4le de certains g\u00e8nes responsables dans l\u2019apparition de tumeurs ;<\/li>\n\n\n\n<li>d\u2019identifier les g\u00e8nes pr\u00e9disposant \u00e0 certaines affections et aux formes familiales de<br>cancer.<\/li>\n\n\n\n<li>d\u2019assurer un diagnostic bas\u00e9 sur l\u2019\u00e9tude du g\u00e8ne ;<\/li>\n\n\n\n<li>d\u2019\u00e9tablir un pronostic et un sch\u00e9ma th\u00e9rapeutique fiables.<br>Le dossier pr\u00e9sent\u00e9 par notre laboratoire m\u00e9rite notre soutien car il est :<\/li>\n\n\n\n<li>con\u00e7u pour d\u00e9velopper la g\u00e9n\u00e9tique en Alg\u00e9rie,<\/li>\n\n\n\n<li>bas\u00e9 sur le travail scientifique r\u00e9alis\u00e9, les comp\u00e9tences existantes, la formation de<br>haut niveau entreprise et les projets de recherche qui seront r\u00e9alis\u00e9s ;<br>Le laboratoire de recherche est compos\u00e9 de 4 \u00e9quipes de recherche avec les th\u00e9matiques<br>suivantes&nbsp;:<\/li>\n\n\n\n<li>Cancer du sein<\/li>\n\n\n\n<li>Cancer colorectal<\/li>\n\n\n\n<li>Cancer du poumon<\/li>\n\n\n\n<li>Cytog\u00e9n\u00e9tique et retard mental<br>Dirig\u00e9 par Pr Belaid AIT ABDELKADER professeur chef de service au laboratoire<br>d\u2019hormonologie EHS CPMC. Le directeur et les responsables des diff\u00e9rentes \u00e9quipes&nbsp;: Pr<br>ARAB, Pr BOUZID , Pr OUKKAL et Pr Belaid AIT ABDELKADER , composent le conseil<\/li>\n<\/ul>\n\n\n\n<p>du laboratoire qui d\u00e9fini les orientations scientifiques , assure le respect du r\u00e8glement<br>int\u00e9rieur et du suivi des projets de recherche.<\/p>\n\n\n\n<p>Les missions du laboratoire :<\/p>\n\n\n\n<ul>\n<li>prise en charge de la pathologie bas\u00e9e sur un travail de recherche<\/li>\n\n\n\n<li>formation doctorale<\/li>\n\n\n\n<li>formation scientifique par l\u2019organisation de s\u00e9minaires au moins une fois par an<\/li>\n\n\n\n<li>cr\u00e9er un r\u00e9seau national organis\u00e9 en \u00e9quipes r\u00e9gionales et pluridisciplinaires, capable de<br>prendre en charge la pathologie et de dynamiser la recherche dans ce domaine ;<\/li>\n\n\n\n<li>mettre la biologie mol\u00e9culaire et la cytog\u00e9n\u00e9tique, \u00e0 la disposition des comp\u00e9tences et \u00e0<br>proximit\u00e9 des malades au niveau de toute l\u2019Alg\u00e9rie pour assurer la permanence des<br>prestations de service;<\/li>\n\n\n\n<li>promouvoir la recherche bas\u00e9e et orient\u00e9e par le diagnostic<\/li>\n<\/ul>\n\n\n\n<p>Enfin, ce laboratoire est un lieu d\u2019\u00e9change et de partage ouvert aux chercheurs int\u00e9ress\u00e9s par<br>ses th\u00e8mes<\/p>\n\n\n\n<p>Pr Belaid AIT ABDELKADER<\/p>\n","protected":false},"excerpt":{"rendered":"<p>Le laboratoire de recherche de cytog\u00e9n\u00e9tique et de g\u00e9n\u00e9tique oncologique cr\u00e9e en2021, domicili\u00e9 au CPMC, pour la prise en charge des maladies h\u00e9r\u00e9ditaires fr\u00e9quentes dansnotre pays et \u00e9galement celle des cancers familiaux.En effet, la situation de la g\u00e9n\u00e9tique alg\u00e9rienne, nous interpelle : du laboratoire qui d\u00e9fini les orientations scientifiques , assure le respect du r\u00e8glementint\u00e9rieur [&hellip;]<\/p>\n","protected":false},"author":1,"featured_media":0,"parent":0,"menu_order":0,"comment_status":"closed","ping_status":"closed","template":"","meta":[],"_links":{"self":[{"href":"http:\/\/labos.univ-alger.dz\/LCG\/index.php?rest_route=\/wp\/v2\/pages\/47"}],"collection":[{"href":"http:\/\/labos.univ-alger.dz\/LCG\/index.php?rest_route=\/wp\/v2\/pages"}],"about":[{"href":"http:\/\/labos.univ-alger.dz\/LCG\/index.php?rest_route=\/wp\/v2\/types\/page"}],"author":[{"embeddable":true,"href":"http:\/\/labos.univ-alger.dz\/LCG\/index.php?rest_route=\/wp\/v2\/users\/1"}],"replies":[{"embeddable":true,"href":"http:\/\/labos.univ-alger.dz\/LCG\/index.php?rest_route=%2Fwp%2Fv2%2Fcomments&post=47"}],"version-history":[{"count":2,"href":"http:\/\/labos.univ-alger.dz\/LCG\/index.php?rest_route=\/wp\/v2\/pages\/47\/revisions"}],"predecessor-version":[{"id":87,"href":"http:\/\/labos.univ-alger.dz\/LCG\/index.php?rest_route=\/wp\/v2\/pages\/47\/revisions\/87"}],"wp:attachment":[{"href":"http:\/\/labos.univ-alger.dz\/LCG\/index.php?rest_route=%2Fwp%2Fv2%2Fmedia&parent=47"}],"curies":[{"name":"wp","href":"https:\/\/api.w.org\/{rel}","templated":true}]}}