{"id":30,"date":"2023-01-29T13:42:59","date_gmt":"2023-01-29T12:42:59","guid":{"rendered":"http:\/\/labos.univ-alger.dz\/LBST\/?page_id=30"},"modified":"2023-01-30T09:27:07","modified_gmt":"2023-01-30T08:27:07","slug":"equipe1","status":"publish","type":"page","link":"http:\/\/labos.univ-alger.dz\/LBST\/?page_id=30","title":{"rendered":"Equipe1"},"content":{"rendered":"\n<figure class=\"wp-block-table\"><table><tbody><tr><td><strong>Nom de l\u2019\u00e9quipe<\/strong><\/td><td><strong>GENOTOX 1<\/strong><\/td><\/tr><tr><td><strong>Chef d\u2019\u00e9quipe<\/strong><\/td><td>LAMARA MAHAMED Amer<\/td><\/tr><tr><td><strong>Th\u00e8me<\/strong><\/td><td>Hydrocarbure et d\u00e9riv\u00e9es<\/td><\/tr><\/tbody><\/table><\/figure>\n\n\n\n<figure class=\"wp-block-table\"><table><tbody><tr><td><strong>Noms des chercheurs<\/strong><\/td><td><strong>Grade<\/strong><\/td><\/tr><tr><td>LAMARA MAHAMED Amer<\/td><td>Pr.<\/td><\/tr><tr><td>ZAMOUM Radia<\/td><td>MCA<\/td><\/tr><tr><td>DIF Said<\/td><td>MAA \u00a0<\/td><\/tr><\/tbody><\/table><\/figure>\n","protected":false},"excerpt":{"rendered":"<p>Nom de l\u2019\u00e9quipe GENOTOX 1 Chef d\u2019\u00e9quipe LAMARA MAHAMED Amer Th\u00e8me Hydrocarbure et d\u00e9riv\u00e9es Noms des chercheurs Grade LAMARA MAHAMED Amer Pr. ZAMOUM Radia MCA DIF Said MAA \u00a0<\/p>\n","protected":false},"author":1,"featured_media":0,"parent":0,"menu_order":0,"comment_status":"closed","ping_status":"closed","template":"","meta":[],"_links":{"self":[{"href":"http:\/\/labos.univ-alger.dz\/LBST\/index.php?rest_route=\/wp\/v2\/pages\/30"}],"collection":[{"href":"http:\/\/labos.univ-alger.dz\/LBST\/index.php?rest_route=\/wp\/v2\/pages"}],"about":[{"href":"http:\/\/labos.univ-alger.dz\/LBST\/index.php?rest_route=\/wp\/v2\/types\/page"}],"author":[{"embeddable":true,"href":"http:\/\/labos.univ-alger.dz\/LBST\/index.php?rest_route=\/wp\/v2\/users\/1"}],"replies":[{"embeddable":true,"href":"http:\/\/labos.univ-alger.dz\/LBST\/index.php?rest_route=%2Fwp%2Fv2%2Fcomments&post=30"}],"version-history":[{"count":5,"href":"http:\/\/labos.univ-alger.dz\/LBST\/index.php?rest_route=\/wp\/v2\/pages\/30\/revisions"}],"predecessor-version":[{"id":139,"href":"http:\/\/labos.univ-alger.dz\/LBST\/index.php?rest_route=\/wp\/v2\/pages\/30\/revisions\/139"}],"wp:attachment":[{"href":"http:\/\/labos.univ-alger.dz\/LBST\/index.php?rest_route=%2Fwp%2Fv2%2Fmedia&parent=30"}],"curies":[{"name":"wp","href":"https:\/\/api.w.org\/{rel}","templated":true}]}}