{"id":26,"date":"2023-01-29T13:42:23","date_gmt":"2023-01-29T12:42:23","guid":{"rendered":"http:\/\/labos.univ-alger.dz\/LBST\/?page_id=26"},"modified":"2023-01-29T13:49:40","modified_gmt":"2023-01-29T12:49:40","slug":"mot-du-directeur","status":"publish","type":"page","link":"http:\/\/labos.univ-alger.dz\/LBST\/?page_id=26","title":{"rendered":"Mot du directeur"},"content":{"rendered":"\n<p>La pr\u00e9valence et l\u2019incidence des cancers ne faiblissent pas \u00e0 travers le monde. Leurs origines et leurs causes sont multiples (chimique, physique, infectieuse&nbsp;: bact\u00e9riologique, virale, et parasitologique). Chaque ann\u00e9e de nouvelles substances sont mises sur le march\u00e9 et dont l\u2019\u00e9valuation de leurs effets doit \u00eatre permanente exemple&nbsp;: les nanomat\u00e9riaux manufactur\u00e9s inondent notre monde gr\u00e2ce \u00e0 leurs propri\u00e9t\u00e9s magiques, malheureusement certains d\u2019entre eux sont class\u00e9s comme canc\u00e9rog\u00e8nes possibles tel&nbsp;: l\u2019oxyde de titane.<\/p>\n\n\n\n<p>L\u2019identification des CMR \u00e0 travers la reconnaissance de leurs effets est devenue indispensable pour \u00e9radiquer ces effets ou les limiter au maximum.<\/p>\n\n\n\n<p>&nbsp;Cette identification pr\u00e9coce n\u00e9cessite de mettre en \u00e9vidence la mutag\u00e9nicit\u00e9 qui se situe bien en amont de la canc\u00e9rog\u00e9n\u00e8se.<\/p>\n\n\n\n<p>Le test des micronoyaux est un des tests usit\u00e9 \u00e0 cet effet, c\u2019est pour cela qu\u2019il sera r\u00e9alis\u00e9 dans notre laboratoire.<\/p>\n\n\n\n<p>Par ailleurs, nous nous proposons de r\u00e9aliser le test d\u2019Ames qui permet d\u2019identifier les canc\u00e9rog\u00e8nes.<\/p>\n","protected":false},"excerpt":{"rendered":"<p>La pr\u00e9valence et l\u2019incidence des cancers ne faiblissent pas \u00e0 travers le monde. Leurs origines et leurs causes sont multiples (chimique, physique, infectieuse&nbsp;: bact\u00e9riologique, virale, et parasitologique). Chaque ann\u00e9e de nouvelles substances sont mises sur le march\u00e9 et dont l\u2019\u00e9valuation de leurs effets doit \u00eatre permanente exemple&nbsp;: les nanomat\u00e9riaux manufactur\u00e9s inondent notre monde gr\u00e2ce \u00e0 [&hellip;]<\/p>\n","protected":false},"author":1,"featured_media":0,"parent":0,"menu_order":0,"comment_status":"closed","ping_status":"closed","template":"","meta":[],"_links":{"self":[{"href":"http:\/\/labos.univ-alger.dz\/LBST\/index.php?rest_route=\/wp\/v2\/pages\/26"}],"collection":[{"href":"http:\/\/labos.univ-alger.dz\/LBST\/index.php?rest_route=\/wp\/v2\/pages"}],"about":[{"href":"http:\/\/labos.univ-alger.dz\/LBST\/index.php?rest_route=\/wp\/v2\/types\/page"}],"author":[{"embeddable":true,"href":"http:\/\/labos.univ-alger.dz\/LBST\/index.php?rest_route=\/wp\/v2\/users\/1"}],"replies":[{"embeddable":true,"href":"http:\/\/labos.univ-alger.dz\/LBST\/index.php?rest_route=%2Fwp%2Fv2%2Fcomments&post=26"}],"version-history":[{"count":2,"href":"http:\/\/labos.univ-alger.dz\/LBST\/index.php?rest_route=\/wp\/v2\/pages\/26\/revisions"}],"predecessor-version":[{"id":101,"href":"http:\/\/labos.univ-alger.dz\/LBST\/index.php?rest_route=\/wp\/v2\/pages\/26\/revisions\/101"}],"wp:attachment":[{"href":"http:\/\/labos.univ-alger.dz\/LBST\/index.php?rest_route=%2Fwp%2Fv2%2Fmedia&parent=26"}],"curies":[{"name":"wp","href":"https:\/\/api.w.org\/{rel}","templated":true}]}}