{"id":121,"date":"2023-01-29T19:06:23","date_gmt":"2023-01-29T18:06:23","guid":{"rendered":"http:\/\/labos.univ-alger.dz\/LBST\/?page_id=121"},"modified":"2023-01-29T19:10:50","modified_gmt":"2023-01-29T18:10:50","slug":"nos-equipes","status":"publish","type":"page","link":"http:\/\/labos.univ-alger.dz\/LBST\/?page_id=121","title":{"rendered":"Nos \u00e9quipes"},"content":{"rendered":"\n<div class=\"is-layout-flex wp-container-3 wp-block-columns\">\n<div class=\"is-layout-flow wp-block-column is-vertically-aligned-center\">\n<p class=\"has-text-align-center has-cyan-bluish-gray-background-color has-background has-medium-font-size\">                    <strong>\u00c9quipe1<\/strong> &#8211;|                               Th\u00e8me: Hydrocarbure et d\u00e9riv\u00e9es dirig\u00e9 par pr. LAMARA MAHAMED Amer<\/p>\n<\/div>\n\n\n\n<div class=\"is-layout-flow wp-block-column\">\n<p class=\"has-text-align-center has-luminous-vivid-orange-background-color has-background has-medium-font-size\">                    <strong>\u00c9quipe 2<\/strong>  &#8211;|                                 Th\u00e8me: Rayonnements ionisants dirig\u00e9 par pr. TIBICHE Arezki<\/p>\n\n\n\n<p class=\"has-text-align-center has-pale-cyan-blue-background-color has-background has-medium-font-size\">                    <strong>\u00c9quipe 3<\/strong>  &#8211;|                             Th\u00e8me: Cytostatiques dirig\u00e9e par pr KADDOUR Salma<\/p>\n<\/div>\n<\/div>\n\n\n\n<div class=\"is-layout-flex wp-container-5 wp-block-columns\">\n<div class=\"is-layout-flow wp-block-column\">\n<p class=\"has-text-align-center has-light-green-cyan-background-color has-background has-medium-font-size\">                                                            <strong>\u00c9quipe<\/strong> 4 &#8211;|                                                                                                              Th\u00e8me: Tabac dirig\u00e9e par pr. AKIF Nora<\/p>\n\n\n\n<p class=\"has-text-align-center has-luminous-vivid-amber-background-color has-background has-medium-font-size\">                                                            <strong>\u00c9quipe<\/strong> 5 &#8211;|                                                                                                                    Th\u00e8me: Risque infectieux et l\u2019induction des CMR dirig\u00e9e par Pr. KHOUDOUR Zoubida<\/p>\n<\/div>\n<\/div>\n","protected":false},"excerpt":{"rendered":"<p>\u00c9quipe1 &#8211;| Th\u00e8me: Hydrocarbure et d\u00e9riv\u00e9es dirig\u00e9 par pr. LAMARA MAHAMED Amer \u00c9quipe 2 &#8211;| Th\u00e8me: Rayonnements ionisants dirig\u00e9 par pr. TIBICHE Arezki \u00c9quipe 3 &#8211;| Th\u00e8me: Cytostatiques dirig\u00e9e par pr KADDOUR Salma \u00c9quipe 4 &#8211;| Th\u00e8me: Tabac dirig\u00e9e par pr. AKIF Nora \u00c9quipe 5 &#8211;| Th\u00e8me: Risque infectieux et l\u2019induction des CMR dirig\u00e9e par [&hellip;]<\/p>\n","protected":false},"author":1,"featured_media":0,"parent":0,"menu_order":0,"comment_status":"closed","ping_status":"closed","template":"","meta":[],"_links":{"self":[{"href":"http:\/\/labos.univ-alger.dz\/LBST\/index.php?rest_route=\/wp\/v2\/pages\/121"}],"collection":[{"href":"http:\/\/labos.univ-alger.dz\/LBST\/index.php?rest_route=\/wp\/v2\/pages"}],"about":[{"href":"http:\/\/labos.univ-alger.dz\/LBST\/index.php?rest_route=\/wp\/v2\/types\/page"}],"author":[{"embeddable":true,"href":"http:\/\/labos.univ-alger.dz\/LBST\/index.php?rest_route=\/wp\/v2\/users\/1"}],"replies":[{"embeddable":true,"href":"http:\/\/labos.univ-alger.dz\/LBST\/index.php?rest_route=%2Fwp%2Fv2%2Fcomments&post=121"}],"version-history":[{"count":4,"href":"http:\/\/labos.univ-alger.dz\/LBST\/index.php?rest_route=\/wp\/v2\/pages\/121\/revisions"}],"predecessor-version":[{"id":126,"href":"http:\/\/labos.univ-alger.dz\/LBST\/index.php?rest_route=\/wp\/v2\/pages\/121\/revisions\/126"}],"wp:attachment":[{"href":"http:\/\/labos.univ-alger.dz\/LBST\/index.php?rest_route=%2Fwp%2Fv2%2Fmedia&parent=121"}],"curies":[{"name":"wp","href":"https:\/\/api.w.org\/{rel}","templated":true}]}}