{"id":32,"date":"2023-07-17T12:47:43","date_gmt":"2023-07-17T12:47:43","guid":{"rendered":"http:\/\/labos.univ-alger.dz\/LBG\/?page_id=32"},"modified":"2023-07-17T12:47:43","modified_gmt":"2023-07-17T12:47:43","slug":"equipe-8","status":"publish","type":"page","link":"http:\/\/labos.univ-alger.dz\/LBG\/?page_id=32","title":{"rendered":"Equipe 8"},"content":{"rendered":"\n<p><strong>\u00ab&nbsp;M\u00e9decine Interne2&nbsp;\u00bb<\/strong><\/p>\n\n\n\n<figure class=\"wp-block-table\"><table><tbody><tr><td>Titre de l\u2019Equipe<\/td><td><strong>M\u00e9decine Interne 2<\/strong><strong><\/strong><\/td><\/tr><tr><td>&nbsp;Nom &#8211; Chef d\u2019\u00e9quipe<\/td><td><strong>HAKEM DJENETTE&nbsp;&nbsp;&nbsp;&nbsp;&nbsp;&nbsp;&nbsp;<\/strong><\/td><\/tr><tr><td>Grade&nbsp;:<\/td><td><strong>Professeur<\/strong><\/td><\/tr><tr><td><strong>Membres de l\u2019\u00e9quipe<\/strong><\/td><\/tr><tr><td><strong>\u00a0Nom &amp; Pr\u00e9nom<\/strong><\/td><td><strong>Grade<\/strong><\/td><td><strong>Sp\u00e9cialit\u00e9<\/strong><\/td><\/tr><tr><td>HAKEM DJENETTE<\/td><td>Professeur<\/td><td>M\u00e9decine Interne CHU Mostaganem<\/td><\/tr><tr><td>BOUZIANI Nadia<\/td><td>Maitre assistante<\/td><td>M\u00e9decine Interne CHU Bab El Oued<\/td><\/tr><tr><td>KELLA AMAL<\/td><td>Assistante<\/td><td>M\u00e9decine Interne CHU Mostaganem<\/td><\/tr><tr><td>BELABBES AMEL<\/td><td>Maitre assistante<\/td><td>M\u00e9decine Interne CHU Mostaganem<\/td><\/tr><\/tbody><\/table><\/figure>\n\n\n\n<p><strong>Th\u00e8mes<\/strong><\/p>\n\n\n\n<ul>\n<li>Risque&nbsp; cardiovasculaire et inflammation<\/li>\n\n\n\n<li>Risque&nbsp; cardiovasculaire, maladies lysosomiales et affections neurologiques d\u00e9g\u00e9n\u00e9ratives<\/li>\n<\/ul>\n","protected":false},"excerpt":{"rendered":"<p>\u00ab&nbsp;M\u00e9decine Interne2&nbsp;\u00bb Titre de l\u2019Equipe M\u00e9decine Interne 2 &nbsp;Nom &#8211; Chef d\u2019\u00e9quipe HAKEM DJENETTE&nbsp;&nbsp;&nbsp;&nbsp;&nbsp;&nbsp;&nbsp; Grade&nbsp;: Professeur Membres de l\u2019\u00e9quipe \u00a0Nom &amp; Pr\u00e9nom Grade Sp\u00e9cialit\u00e9 HAKEM DJENETTE Professeur M\u00e9decine Interne CHU Mostaganem BOUZIANI Nadia Maitre assistante M\u00e9decine Interne CHU Bab El Oued KELLA AMAL Assistante M\u00e9decine Interne CHU Mostaganem BELABBES AMEL Maitre assistante M\u00e9decine Interne CHU [&hellip;]<\/p>\n","protected":false},"author":1,"featured_media":0,"parent":0,"menu_order":0,"comment_status":"closed","ping_status":"closed","template":"","meta":[],"_links":{"self":[{"href":"http:\/\/labos.univ-alger.dz\/LBG\/index.php?rest_route=\/wp\/v2\/pages\/32"}],"collection":[{"href":"http:\/\/labos.univ-alger.dz\/LBG\/index.php?rest_route=\/wp\/v2\/pages"}],"about":[{"href":"http:\/\/labos.univ-alger.dz\/LBG\/index.php?rest_route=\/wp\/v2\/types\/page"}],"author":[{"embeddable":true,"href":"http:\/\/labos.univ-alger.dz\/LBG\/index.php?rest_route=\/wp\/v2\/users\/1"}],"replies":[{"embeddable":true,"href":"http:\/\/labos.univ-alger.dz\/LBG\/index.php?rest_route=%2Fwp%2Fv2%2Fcomments&post=32"}],"version-history":[{"count":1,"href":"http:\/\/labos.univ-alger.dz\/LBG\/index.php?rest_route=\/wp\/v2\/pages\/32\/revisions"}],"predecessor-version":[{"id":33,"href":"http:\/\/labos.univ-alger.dz\/LBG\/index.php?rest_route=\/wp\/v2\/pages\/32\/revisions\/33"}],"wp:attachment":[{"href":"http:\/\/labos.univ-alger.dz\/LBG\/index.php?rest_route=%2Fwp%2Fv2%2Fmedia&parent=32"}],"curies":[{"name":"wp","href":"https:\/\/api.w.org\/{rel}","templated":true}]}}