{"id":30,"date":"2023-07-17T12:47:07","date_gmt":"2023-07-17T12:47:07","guid":{"rendered":"http:\/\/labos.univ-alger.dz\/LBG\/?page_id=30"},"modified":"2023-07-17T12:47:07","modified_gmt":"2023-07-17T12:47:07","slug":"equipe-7","status":"publish","type":"page","link":"http:\/\/labos.univ-alger.dz\/LBG\/?page_id=30","title":{"rendered":"Equipe 7"},"content":{"rendered":"\n<p><strong>\u00ab&nbsp;M\u00e9decine Interne1&nbsp;\u00bb<\/strong><\/p>\n\n\n\n<figure class=\"wp-block-table\"><table><tbody><tr><td>Titre de l\u2019Equipe<\/td><td><strong>M\u00e9decine Interne&nbsp; 1<\/strong><strong><\/strong><\/td><\/tr><tr><td>&nbsp;Nom &#8211; Chef d\u2019\u00e9quipe<\/td><td><strong>LARABA Nazim<\/strong><strong><\/strong><\/td><\/tr><tr><td>Grade&nbsp;:<\/td><td><strong>Professeur<\/strong><\/td><\/tr><tr><td><strong>Membres de l\u2019\u00e9quipe<\/strong><\/td><\/tr><tr><td><strong>\u00a0Nom &amp; Pr\u00e9nom<\/strong><\/td><td><strong>Grade<\/strong><\/td><td><strong>Sp\u00e9cialit\u00e9<\/strong><\/td><\/tr><tr><td>LARABA Nazim&nbsp;&nbsp;&nbsp;&nbsp;&nbsp;&nbsp;&nbsp;&nbsp;&nbsp;&nbsp;<\/td><td>MCA<\/td><td>M\u00e9decine Interne CHU BEO<\/td><\/tr><tr><td>BERRAH Abdelkrim&nbsp;&nbsp;&nbsp;&nbsp;&nbsp;&nbsp;&nbsp;&nbsp;&nbsp;&nbsp;<\/td><td>Professeur<\/td><td>M\u00e9decine Interne CHU BEO<\/td><\/tr><tr><td>HABOUCHI Amine<\/td><td>MCA<\/td><td>Radiologie CHU BEO<\/td><\/tr><tr><td>ABBACI Karima<\/td><td>MCB<\/td><td>M\u00e9decine Interne CHU BEO<\/td><\/tr><tr><td>HAMCHAOUI&nbsp; Kamel<\/td><td>MAT<\/td><td>M\u00e9decine Interne CHU Ouargla<\/td><\/tr><tr><td>MOULAY Sakina<\/td><td>SSP<\/td><td>M\u00e9decine Interne CHU BEO<\/td><\/tr><tr><td>BENDIMERAD Imad<\/td><td>SSP<\/td><td>M\u00e9decine Interne CHU BEO<\/td><\/tr><\/tbody><\/table><\/figure>\n\n\n\n<p><strong>Th\u00e8mes<\/strong><\/p>\n\n\n\n<p>-Le domaine de recherche de l&rsquo;\u00e9quipe est celui du risque cardiovasculaire et de l&rsquo;artriopathie oblit\u00e9rante des membres inf\u00e9rieurs. Nous nous consacrons \u00e0 rechercher les liens de ce risque avec les maladies inflammatoires syst\u00e9miques : concept d&rsquo;ath\u00e9roscl\u00e9rose acc\u00e9l\u00e9r\u00e9e dans le lupus \u00e9ryth\u00e9mateux syst\u00e9mique, la polyarthrite rhumaoide et la maladie de Beh\u00e7et.<\/p>\n\n\n\n<p>-Nous recherchons \u00e9galement l&rsquo;impact d&rsquo;autres maladies inflammatoires syst\u00e9miques sur le risque cardioavsculaire comme les maladies inflammatoires chronique de l&rsquo;intestin, le syndrome de gougerot sjogren, la connectivite mixte et la scl\u00e9rodermie syst\u00e9mique<\/p>\n\n\n\n<p>&#8211; L&rsquo;impact du portage du virus d&rsquo;immunod\u00e9ficience acquis humain VIH est \u00e9galement \u00e9tudi\u00e9 sur le risque cardiovasculaire de subir un \u00e9v\u00e9nement cardiovasculaire&nbsp;: isch\u00e9mie aigue des membres inf\u00e9rieurs, accidents vasculaires c\u00e9r\u00e9braux et infarctus du myocarde et sur l&rsquo;accroissement de la dysfonction endoth\u00e9liale par des param\u00e8tres d&rsquo;\u00e9valuation vasculaire de substitution : \u00e9paisseur intima m\u00e9dia au niveau carotidien et carotide plaque score.<\/p>\n","protected":false},"excerpt":{"rendered":"<p>\u00ab&nbsp;M\u00e9decine Interne1&nbsp;\u00bb Titre de l\u2019Equipe M\u00e9decine Interne&nbsp; 1 &nbsp;Nom &#8211; Chef d\u2019\u00e9quipe LARABA Nazim Grade&nbsp;: Professeur Membres de l\u2019\u00e9quipe \u00a0Nom &amp; Pr\u00e9nom Grade Sp\u00e9cialit\u00e9 LARABA Nazim&nbsp;&nbsp;&nbsp;&nbsp;&nbsp;&nbsp;&nbsp;&nbsp;&nbsp;&nbsp; MCA M\u00e9decine Interne CHU BEO BERRAH Abdelkrim&nbsp;&nbsp;&nbsp;&nbsp;&nbsp;&nbsp;&nbsp;&nbsp;&nbsp;&nbsp; Professeur M\u00e9decine Interne CHU BEO HABOUCHI Amine MCA Radiologie CHU BEO ABBACI Karima MCB M\u00e9decine Interne CHU BEO HAMCHAOUI&nbsp; Kamel MAT M\u00e9decine [&hellip;]<\/p>\n","protected":false},"author":1,"featured_media":0,"parent":0,"menu_order":0,"comment_status":"closed","ping_status":"closed","template":"","meta":[],"_links":{"self":[{"href":"http:\/\/labos.univ-alger.dz\/LBG\/index.php?rest_route=\/wp\/v2\/pages\/30"}],"collection":[{"href":"http:\/\/labos.univ-alger.dz\/LBG\/index.php?rest_route=\/wp\/v2\/pages"}],"about":[{"href":"http:\/\/labos.univ-alger.dz\/LBG\/index.php?rest_route=\/wp\/v2\/types\/page"}],"author":[{"embeddable":true,"href":"http:\/\/labos.univ-alger.dz\/LBG\/index.php?rest_route=\/wp\/v2\/users\/1"}],"replies":[{"embeddable":true,"href":"http:\/\/labos.univ-alger.dz\/LBG\/index.php?rest_route=%2Fwp%2Fv2%2Fcomments&post=30"}],"version-history":[{"count":1,"href":"http:\/\/labos.univ-alger.dz\/LBG\/index.php?rest_route=\/wp\/v2\/pages\/30\/revisions"}],"predecessor-version":[{"id":31,"href":"http:\/\/labos.univ-alger.dz\/LBG\/index.php?rest_route=\/wp\/v2\/pages\/30\/revisions\/31"}],"wp:attachment":[{"href":"http:\/\/labos.univ-alger.dz\/LBG\/index.php?rest_route=%2Fwp%2Fv2%2Fmedia&parent=30"}],"curies":[{"name":"wp","href":"https:\/\/api.w.org\/{rel}","templated":true}]}}