{"id":26,"date":"2023-07-17T12:45:44","date_gmt":"2023-07-17T12:45:44","guid":{"rendered":"http:\/\/labos.univ-alger.dz\/LBG\/?page_id=26"},"modified":"2023-07-17T12:45:44","modified_gmt":"2023-07-17T12:45:44","slug":"equipe-5","status":"publish","type":"page","link":"http:\/\/labos.univ-alger.dz\/LBG\/?page_id=26","title":{"rendered":"Equipe 5"},"content":{"rendered":"\n<p><\/p>\n\n\n\n<p><strong>\u00ab&nbsp;Neurologie&nbsp;\u00bb<\/strong><\/p>\n\n\n\n<figure class=\"wp-block-table\"><table><tbody><tr><td>Titre de l\u2019Equipe<\/td><td><strong>Neurologie<\/strong><strong><\/strong><\/td><\/tr><tr><td>&nbsp;Nom &#8211; Chef d\u2019\u00e9quipe<\/td><td><strong>LEKLOU HAKIM&nbsp;&nbsp;&nbsp;<\/strong><\/td><\/tr><tr><td>Grade&nbsp;:<\/td><td><strong>Professeur Chef de service<\/strong><\/td><\/tr><tr><td><strong>Membres de l\u2019\u00e9quipe<\/strong><\/td><\/tr><tr><td><strong>\u00a0Nom &amp; Pr\u00e9nom<\/strong><\/td><td><strong>Grade<\/strong><\/td><td><strong>Sp\u00e9cialit\u00e9<\/strong><\/td><\/tr><tr><td>LEKLOU Hakim<\/td><td>Professeur<\/td><td>Neurologie CHU BEO<\/td><\/tr><tr><td>BELARBI SORAYA<\/td><td>MCA<\/td><td>Neurologie EHS Ait Idir<\/td><\/tr><tr><td>BESSAS Salima<\/td><td>MAT Doctorante<\/td><td>Neurologie CHU BEO<\/td><\/tr><tr><td>ABDELHAK Sihem<\/td><td>MAT Doctorante<\/td><td>Neurologie CHU BEO<\/td><\/tr><tr><td>Ysmail Dahlouk Farida<\/td><td>MAT Doctorante<\/td><td>Neurologie CHU BEO<\/td><\/tr><\/tbody><\/table><\/figure>\n\n\n\n<p><strong>Th\u00e8mes<\/strong><\/p>\n\n\n\n<p>-Etude g\u00e9n\u00e9tique des maladies Neurologiques suivantes :<\/p>\n\n\n\n<p>-Epilepsies&nbsp;; Dystrophies musculaires&nbsp;; Maladie de Parkinson&nbsp;; Neuropathies h\u00e9r\u00e9ditaires.<\/p>\n\n\n\n<p>-Etude clinique de la scl\u00e9rose en plaques de l&rsquo;enfant.<\/p>\n","protected":false},"excerpt":{"rendered":"<p>\u00ab&nbsp;Neurologie&nbsp;\u00bb Titre de l\u2019Equipe Neurologie &nbsp;Nom &#8211; Chef d\u2019\u00e9quipe LEKLOU HAKIM&nbsp;&nbsp;&nbsp; Grade&nbsp;: Professeur Chef de service Membres de l\u2019\u00e9quipe \u00a0Nom &amp; Pr\u00e9nom Grade Sp\u00e9cialit\u00e9 LEKLOU Hakim Professeur Neurologie CHU BEO BELARBI SORAYA MCA Neurologie EHS Ait Idir BESSAS Salima MAT Doctorante Neurologie CHU BEO ABDELHAK Sihem MAT Doctorante Neurologie CHU BEO Ysmail Dahlouk Farida MAT [&hellip;]<\/p>\n","protected":false},"author":1,"featured_media":0,"parent":0,"menu_order":0,"comment_status":"closed","ping_status":"closed","template":"","meta":[],"_links":{"self":[{"href":"http:\/\/labos.univ-alger.dz\/LBG\/index.php?rest_route=\/wp\/v2\/pages\/26"}],"collection":[{"href":"http:\/\/labos.univ-alger.dz\/LBG\/index.php?rest_route=\/wp\/v2\/pages"}],"about":[{"href":"http:\/\/labos.univ-alger.dz\/LBG\/index.php?rest_route=\/wp\/v2\/types\/page"}],"author":[{"embeddable":true,"href":"http:\/\/labos.univ-alger.dz\/LBG\/index.php?rest_route=\/wp\/v2\/users\/1"}],"replies":[{"embeddable":true,"href":"http:\/\/labos.univ-alger.dz\/LBG\/index.php?rest_route=%2Fwp%2Fv2%2Fcomments&post=26"}],"version-history":[{"count":1,"href":"http:\/\/labos.univ-alger.dz\/LBG\/index.php?rest_route=\/wp\/v2\/pages\/26\/revisions"}],"predecessor-version":[{"id":27,"href":"http:\/\/labos.univ-alger.dz\/LBG\/index.php?rest_route=\/wp\/v2\/pages\/26\/revisions\/27"}],"wp:attachment":[{"href":"http:\/\/labos.univ-alger.dz\/LBG\/index.php?rest_route=%2Fwp%2Fv2%2Fmedia&parent=26"}],"curies":[{"name":"wp","href":"https:\/\/api.w.org\/{rel}","templated":true}]}}