{"id":22,"date":"2023-07-17T12:44:01","date_gmt":"2023-07-17T12:44:01","guid":{"rendered":"http:\/\/labos.univ-alger.dz\/LBG\/?page_id=22"},"modified":"2023-07-17T12:44:01","modified_gmt":"2023-07-17T12:44:01","slug":"equipe-3","status":"publish","type":"page","link":"http:\/\/labos.univ-alger.dz\/LBG\/?page_id=22","title":{"rendered":"Equipe 3"},"content":{"rendered":"\n<p><strong>Equipe de Recherche 3<\/strong><\/p>\n\n\n\n<p><strong>\u00ab&nbsp;Endocrinologie&nbsp;\u00bb<\/strong><\/p>\n\n\n\n<figure class=\"wp-block-table\"><table><tbody><tr><td>Titre de l\u2019Equipe<\/td><td><strong>Biochimie G\u00e9n\u00e9tique 3<\/strong><strong><\/strong><\/td><\/tr><tr><td>&nbsp;Nom \u2013 Chef d\u2019\u00e9quipe<\/td><td><strong>FEDALA Nora Soumeya<\/strong><\/td><\/tr><tr><td>Grade&nbsp;:<\/td><td><strong>Professeur<\/strong><\/td><\/tr><tr><td><strong>Membres de l\u2019\u00e9quipe<\/strong><\/td><\/tr><tr><td>&nbsp;Nom &amp; Pr\u00e9nom<\/td><td>Grade<\/td><td>Sp\u00e9cialit\u00e9<\/td><\/tr><tr><td>FEDALA Nora Soumeya<\/td><td>Professeur<\/td><td>Endocrinologie CHU BEO<\/td><\/tr><tr><td>HADDAM Ali El Mahdi<\/td><td>Professeur<\/td><td>Endocrinologie CHU BEO<\/td><\/tr><tr><td>AHMED ALI Leila<\/td><td>MCA<\/td><td>Endocrinologie CHU BEO<\/td><\/tr><tr><td>BAGHDALI Chaharazed<\/td><td>MAT Doctorante<\/td><td>Endocrinologie CHU BEO<\/td><\/tr><tr><td>SI YOUCEF&nbsp; Hafsa<\/td><td>MAT Doctorante<\/td><td>Endocrinologie CHU BEO<\/td><\/tr><tr><td>BOUDIAF Diaeddeine<\/td><td>MAT Doctorant<\/td><td>Endocrinologie CHU BEO<\/td><\/tr><tr><td>ADIMI Amel<\/td><td>MAT Doctorante<\/td><td>Endocrinologie CHU BEO<\/td><\/tr><tr><td>SAFER Amel<\/td><td>MAT Doctorante<\/td><td>Endocrinologie H\u00f4pital de Bainem<\/td><\/tr><tr><td>RABHI Leyla<\/td><td>MAT Doctorante<\/td><td>Endocrinologie CHU BEO<\/td><\/tr><\/tbody><\/table><\/figure>\n\n\n\n<p><strong>Th\u00e8mes&nbsp;:<\/strong><\/p>\n\n\n\n<p>Les&nbsp; objectifs&nbsp;&nbsp; du&nbsp; laboratoire&nbsp; de&nbsp; recherche&nbsp; en&nbsp; endocrinologie&nbsp; diab\u00e9tologie&nbsp; sont&nbsp;:<\/p>\n\n\n\n<p>&nbsp;&#8211; de rechercher&nbsp; les&nbsp; mutations&nbsp; g\u00e9n\u00e9tiques&nbsp; des&nbsp; pathologies&nbsp; endocriniennes&nbsp;&nbsp; rares&nbsp; (anomalies&nbsp; de&nbsp; la&nbsp; croissance, ph\u00e9ochromocytomes&nbsp;&nbsp; et&nbsp; paragangliomes ),<\/p>\n\n\n\n<p>&#8211; d\u00e9velopper&nbsp; la&nbsp; recherche&nbsp; mol\u00e9culaire&nbsp; dans&nbsp; les&nbsp; cancers&nbsp; thyro\u00efdiens&nbsp; en&nbsp; particulier&nbsp; le&nbsp; cancer&nbsp; papillaire&nbsp; et&nbsp; le&nbsp; cancer&nbsp; m\u00e9dullaire&nbsp;&nbsp; de&nbsp; la&nbsp; thyro\u00efde.&nbsp; \u2013 sur&nbsp; le&nbsp; plan&nbsp; m\u00e9tabolique , pr\u00e9ciser&nbsp; les&nbsp; anomalies&nbsp; g\u00e9n\u00e9tiques&nbsp; responsables&nbsp; de&nbsp; l\u2019ob\u00e9sit\u00e9&nbsp; dans&nbsp; les&nbsp; formes&nbsp; constitutionnelles et&nbsp; syndromiques&nbsp; d\u2019une&nbsp; part&nbsp; et&nbsp; communes&nbsp; d\u2019autre&nbsp; part.&nbsp;<\/p>\n\n\n\n<p>&#8211; Notre&nbsp; recherche&nbsp; vise&nbsp; aussi&nbsp; \u00e0&nbsp; mieux&nbsp; \u00e9tudier&nbsp; la&nbsp; physiopathologie&nbsp; du&nbsp; syndrome&nbsp;&nbsp; pluri m\u00e9tabolique<\/p>\n","protected":false},"excerpt":{"rendered":"<p>Equipe de Recherche 3 \u00ab&nbsp;Endocrinologie&nbsp;\u00bb Titre de l\u2019Equipe Biochimie G\u00e9n\u00e9tique 3 &nbsp;Nom \u2013 Chef d\u2019\u00e9quipe FEDALA Nora Soumeya Grade&nbsp;: Professeur Membres de l\u2019\u00e9quipe &nbsp;Nom &amp; Pr\u00e9nom Grade Sp\u00e9cialit\u00e9 FEDALA Nora Soumeya Professeur Endocrinologie CHU BEO HADDAM Ali El Mahdi Professeur Endocrinologie CHU BEO AHMED ALI Leila MCA Endocrinologie CHU BEO BAGHDALI Chaharazed MAT Doctorante Endocrinologie [&hellip;]<\/p>\n","protected":false},"author":1,"featured_media":0,"parent":0,"menu_order":0,"comment_status":"closed","ping_status":"closed","template":"","meta":[],"_links":{"self":[{"href":"http:\/\/labos.univ-alger.dz\/LBG\/index.php?rest_route=\/wp\/v2\/pages\/22"}],"collection":[{"href":"http:\/\/labos.univ-alger.dz\/LBG\/index.php?rest_route=\/wp\/v2\/pages"}],"about":[{"href":"http:\/\/labos.univ-alger.dz\/LBG\/index.php?rest_route=\/wp\/v2\/types\/page"}],"author":[{"embeddable":true,"href":"http:\/\/labos.univ-alger.dz\/LBG\/index.php?rest_route=\/wp\/v2\/users\/1"}],"replies":[{"embeddable":true,"href":"http:\/\/labos.univ-alger.dz\/LBG\/index.php?rest_route=%2Fwp%2Fv2%2Fcomments&post=22"}],"version-history":[{"count":1,"href":"http:\/\/labos.univ-alger.dz\/LBG\/index.php?rest_route=\/wp\/v2\/pages\/22\/revisions"}],"predecessor-version":[{"id":23,"href":"http:\/\/labos.univ-alger.dz\/LBG\/index.php?rest_route=\/wp\/v2\/pages\/22\/revisions\/23"}],"wp:attachment":[{"href":"http:\/\/labos.univ-alger.dz\/LBG\/index.php?rest_route=%2Fwp%2Fv2%2Fmedia&parent=22"}],"curies":[{"name":"wp","href":"https:\/\/api.w.org\/{rel}","templated":true}]}}