{"id":18,"date":"2023-07-17T12:41:52","date_gmt":"2023-07-17T12:41:52","guid":{"rendered":"http:\/\/labos.univ-alger.dz\/LBG\/?page_id=18"},"modified":"2023-07-17T12:41:52","modified_gmt":"2023-07-17T12:41:52","slug":"equipe-2","status":"publish","type":"page","link":"http:\/\/labos.univ-alger.dz\/LBG\/?page_id=18","title":{"rendered":"Equipe 2"},"content":{"rendered":"\n<p><\/p>\n\n\n\n<p><strong>\u00ab&nbsp;Biochimie G\u00e9n\u00e9tique2&nbsp;\u00bb<\/strong><\/p>\n\n\n\n<figure class=\"wp-block-table\"><table><tbody><tr><td>Titre de l\u2019Equipe<\/td><td><strong>Biochimie G\u00e9n\u00e9tique 2<\/strong><strong><\/strong><\/td><\/tr><tr><td>&nbsp;Nom \u2013 Chef d\u2019\u00e9quipe<\/td><td><strong>ABDI SAMIA&nbsp;&nbsp;&nbsp;&nbsp;&nbsp;&nbsp;&nbsp;&nbsp;&nbsp;&nbsp;<\/strong><\/td><\/tr><tr><td>Grade&nbsp;:<\/td><td><strong>Professeur<\/strong><\/td><\/tr><tr><td><strong>Membres de l\u2019\u00e9quipe<\/strong><\/td><\/tr><tr><td><strong>\u00a0Nom &amp; Pr\u00e9nom<\/strong><\/td><td><strong>Grade<\/strong><\/td><td><strong>Sp\u00e9cialit\u00e9<\/strong><\/td><\/tr><tr><td>ABDI Samia<\/td><td>Professeur<\/td><td>Biochimie CHU Blida<\/td><\/tr><tr><td>MALEK Zahia<\/td><td>MCA<\/td><td>ORL CHU Blida<\/td><\/tr><tr><td>MEDKOUR Samira &nbsp;<\/td><td>MCA<\/td><td>ORL CHU BEO<\/td><\/tr><tr><td>BOUTALEB Ahmed Tayeb<\/td><td>MAT Doctorant<\/td><td>Biochimie CHU BEJAIA<\/td><\/tr><tr><td>GUENOUA Ouiam &nbsp;<\/td><td>MAT<\/td><td>ORL CHU BEO<\/td><\/tr><\/tbody><\/table><\/figure>\n\n\n\n<p><strong>Th\u00e8mes\u00a0:<\/strong><\/p>\n\n\n\n<p>Etude g\u00e9n\u00e9tique des surdit\u00e9s neurosensorielles.<\/p>\n\n\n\n<p>&nbsp;Les surdit\u00e9s sont les atteintes auditives les plus fr\u00e9quentes en Alg\u00e9rie. Elles touchent un nouveau-n\u00e9 sur 800 et constituent, de ce fait, un v\u00e9ritable probl\u00e8me de sant\u00e9 publique. Une grande partie de surdit\u00e9s, Une grande partie de surdit\u00e9s,&nbsp; est h\u00e9r\u00e9ditaire. L\u2019origine g\u00e9n\u00e9tique est d\u2019embl\u00e9e \u00e9voqu\u00e9e pour la moiti\u00e9 des cas.&nbsp; Dans&nbsp; le cas de surdit\u00e9 cong\u00e9nitale, il s\u2019agit le plus souvent&nbsp; d\u2019une mutation majoritaire (35delG) dans le g\u00e8ne CX26 de la connexine 26, prot\u00e9ine impliqu\u00e9e dans les \u00e9changes intercellulaires au niveau de la cochl\u00e9e. Cette mutation est tr\u00e8s r\u00e9pandue dans le pourtour m\u00e9diterran\u00e9en. Sa recherche est devenue syst\u00e9matique devant toute surdit\u00e9 h\u00e9r\u00e9ditaire pr\u00e9linguale. La d\u00e9tection pr\u00e9coce des surdit\u00e9s et notamment de la de la mutation majoritaire 35delG est primordiale pour une prise en charge pr\u00e9coce (en phase pr\u00e9linguale) des enfants atteints, notamment pour une \u00e9ventuelle mise en place d\u2019implant cochl\u00e9aire. Par ailleurs, les surdit\u00e9s d\u2019origine g\u00e9n\u00e9tique sont caract\u00e9ris\u00e9es par une forte h\u00e9t\u00e9rog\u00e9n\u00e9it\u00e9 g\u00e9n\u00e9tique qui rend complexe la mise en place d\u2019un diagnostic mol\u00e9culaire efficace pour chaque famille. Pour cette raison une large \u00e9tude mol\u00e9culaire (recherche des mutations les plus fr\u00e9quentes) au sein de la population alg\u00e9rienne est d\u2019int\u00e9r\u00eat majeur de sant\u00e9 publique<\/p>\n","protected":false},"excerpt":{"rendered":"<p>\u00ab&nbsp;Biochimie G\u00e9n\u00e9tique2&nbsp;\u00bb Titre de l\u2019Equipe Biochimie G\u00e9n\u00e9tique 2 &nbsp;Nom \u2013 Chef d\u2019\u00e9quipe ABDI SAMIA&nbsp;&nbsp;&nbsp;&nbsp;&nbsp;&nbsp;&nbsp;&nbsp;&nbsp;&nbsp; Grade&nbsp;: Professeur Membres de l\u2019\u00e9quipe \u00a0Nom &amp; Pr\u00e9nom Grade Sp\u00e9cialit\u00e9 ABDI Samia Professeur Biochimie CHU Blida MALEK Zahia MCA ORL CHU Blida MEDKOUR Samira &nbsp; MCA ORL CHU BEO BOUTALEB Ahmed Tayeb MAT Doctorant Biochimie CHU BEJAIA GUENOUA Ouiam &nbsp; MAT [&hellip;]<\/p>\n","protected":false},"author":1,"featured_media":0,"parent":0,"menu_order":0,"comment_status":"closed","ping_status":"closed","template":"","meta":[],"_links":{"self":[{"href":"http:\/\/labos.univ-alger.dz\/LBG\/index.php?rest_route=\/wp\/v2\/pages\/18"}],"collection":[{"href":"http:\/\/labos.univ-alger.dz\/LBG\/index.php?rest_route=\/wp\/v2\/pages"}],"about":[{"href":"http:\/\/labos.univ-alger.dz\/LBG\/index.php?rest_route=\/wp\/v2\/types\/page"}],"author":[{"embeddable":true,"href":"http:\/\/labos.univ-alger.dz\/LBG\/index.php?rest_route=\/wp\/v2\/users\/1"}],"replies":[{"embeddable":true,"href":"http:\/\/labos.univ-alger.dz\/LBG\/index.php?rest_route=%2Fwp%2Fv2%2Fcomments&post=18"}],"version-history":[{"count":1,"href":"http:\/\/labos.univ-alger.dz\/LBG\/index.php?rest_route=\/wp\/v2\/pages\/18\/revisions"}],"predecessor-version":[{"id":19,"href":"http:\/\/labos.univ-alger.dz\/LBG\/index.php?rest_route=\/wp\/v2\/pages\/18\/revisions\/19"}],"wp:attachment":[{"href":"http:\/\/labos.univ-alger.dz\/LBG\/index.php?rest_route=%2Fwp%2Fv2%2Fmedia&parent=18"}],"curies":[{"name":"wp","href":"https:\/\/api.w.org\/{rel}","templated":true}]}}