{"id":16,"date":"2023-07-17T12:39:36","date_gmt":"2023-07-17T12:39:36","guid":{"rendered":"http:\/\/labos.univ-alger.dz\/LBG\/?page_id=16"},"modified":"2023-07-17T12:43:11","modified_gmt":"2023-07-17T12:43:11","slug":"equipe-1","status":"publish","type":"page","link":"http:\/\/labos.univ-alger.dz\/LBG\/?page_id=16","title":{"rendered":"Equipe 1"},"content":{"rendered":"\n<p><strong>Equipe de recherche 1<\/strong><\/p>\n\n\n\n<p><strong>\u00ab&nbsp;Biochimie G\u00e9n\u00e9tique1&nbsp;\u00bb<\/strong><\/p>\n\n\n\n<figure class=\"wp-block-table\"><table><tbody><tr><td>Titre de l\u2019Equipe<\/td><td><strong>Biochimie G\u00e9n\u00e9tique 1<\/strong><strong><\/strong><\/td><\/tr><tr><td>&nbsp;Nom &#8211; Chef d\u2019\u00e9quipe<\/td><td><strong>OTMANE Amel&nbsp;<\/strong><\/td><\/tr><tr><td>Grade&nbsp;:<\/td><td><strong>Maitre de conf\u00e9rences A<\/strong><\/td><\/tr><tr><td><strong>Membres de l\u2019\u00e9quipe<\/strong><\/td><\/tr><tr><td>&nbsp;Nom &amp; Pr\u00e9nom<\/td><td>Grade<\/td><td>Sp\u00e9cialit\u00e9<\/td><\/tr><tr><td>OTMANE Amel<\/td><td>MCA<\/td><td>Biochimie CHU BEO<\/td><\/tr><tr><td>ZENATI Akila&nbsp;&nbsp;&nbsp;&nbsp;&nbsp;&nbsp;&nbsp;&nbsp;&nbsp;&nbsp;<\/td><td>Professeur<\/td><td>Biochimie CHU BEO<\/td><\/tr><tr><td>GUEDADA Yasmina<\/td><td>Professeur<\/td><td>Biochimie HCA AIN NAADJA<\/td><\/tr><tr><td>TALHI Randa<\/td><td>MCA<\/td><td>Epid\u00e9miologie CHU BEO<\/td><\/tr><tr><td>RACHID Nassima<\/td><td>MAT<\/td><td>Biochimie CHU BEO<\/td><\/tr><tr><td>GUENDA Nadia<\/td><td>MAT<\/td><td>Biochimie CHU BEO<\/td><\/tr><tr><td>SAIDANI Khalissa<\/td><td>MAT<\/td><td>Immunologie CHU BEO<\/td><\/tr><\/tbody><\/table><\/figure>\n\n\n\n<p><strong>Th\u00e8mes&nbsp;:<\/strong><\/p>\n\n\n\n<p>1\/Le stress oxydant et ses complications d\u00e9g\u00e9n\u00e9ratives&nbsp;: diab\u00e8te, HTA, syndrome m\u00e9tabolique, cancers, arthrite rhumato\u00efde, maladies d\u2019Alzheimer, asthme, inflammation et ath\u00e9roscl\u00e9rose&nbsp;&nbsp;&nbsp;&nbsp;&nbsp;&nbsp;&nbsp;&nbsp;&nbsp;&nbsp;&nbsp;&nbsp;&nbsp;&nbsp;&nbsp;&nbsp;&nbsp;&nbsp;&nbsp;&nbsp;&nbsp;&nbsp;&nbsp;&nbsp;&nbsp;&nbsp;&nbsp;&nbsp;&nbsp;&nbsp;&nbsp;&nbsp;&nbsp;&nbsp;&nbsp;&nbsp;<\/p>\n\n\n\n<p>2\/Etude mol\u00e9culaire des facteurs g\u00e9n\u00e9tiques associ\u00e9s au risque cardio-vasculaire.\u00a0\u00a0\u00a0\u00a0\u00a0\u00a0\u00a0\u00a0\u00a0\u00a0\u00a0\u00a0\u00a0\u00a0\u00a0\u00a0\u00a0\u00a0\u00a0\u00a0\u00a0\u00a0\u00a0\u00a0\u00a0\u00a0\u00a0\u00a0\u00a0\u00a0\u00a0\u00a0\u00a0\u00a0\u00a0\u00a0\u00a0\u00a0\u00a0\u00a0\u00a0\u00a0\u00a0\u00a0\u00a0\u00a0\u00a0\u00a0\u00a0\u00a0\u00a0\u00a0\u00a0\u00a0\u00a0\u00a0\u00a0\u00a0\u00a0\u00a0\u00a0\u00a0\u00a0 \u00a0\u00a0\u00a0\u00a0\u00a0\u00a0\u00a0\u00a0\u00a0\u00a0\u00a0\u00a0\u00a0\u00a0\u00a0\u00a0\u00a0\u00a0\u00a0\u00a0\u00a0\u00a0\u00a0\u00a0\u00a0\u00a0\u00a0\u00a0\u00a0\u00a0\u00a0\u00a0\u00a0\u00a0\u00a0\u00a0\u00a0\u00a0\u00a0\u00a0\u00a0\u00a0\u00a0\u00a0\u00a0\u00a0\u00a0\u00a0\u00a0\u00a0\u00a0\u00a0\u00a0\u00a0\u00a0\u00a0\u00a0\u00a0\u00a0\u00a0\u00a0\u00a0\u00a0\u00a0\u00a0\u00a0\u00a0\u00a0\u00a0\u00a0\u00a0\u00a0\u00a0\u00a0\u00a0\u00a0\u00a0\u00a0\u00a0\u00a0\u00a0\u00a0\u00a0\u00a0\u00a0\u00a0\u00a0\u00a0\u00a0\u00a0\u00a0\u00a0\u00a0\u00a0\u00a0\u00a0\u00a0\u00a0\u00a0\u00a0\u00a0\u00a0\u00a0\u00a0\u00a0\u00a0\u00a0\u00a0\u00a0\u00a0\u00a0\u00a0\u00a0\u00a0\u00a0\u00a0\u00a0\u00a0\u00a0\u00a0\u00a0\u00a0\u00a0\u00a0\u00a0\u00a0\u00a0\u00a0\u00a0\u00a0\u00a0\u00a0\u00a0\u00a0\u00a0\u00a0\u00a0\u00a0\u00a0\u00a0\u00a0\u00a0\u00a0\u00a0\u00a0\u00a0\u00a0\u00a0\u00a0\u00a0\u00a0\u00a0\u00a0\u00a0\u00a0\u00a0\u00a0\u00a0\u00a0\u00a0\u00a0\u00a0\u00a0\u00a0\u00a0\u00a0\u00a0\u00a0\u00a0<\/p>\n\n\n\n<p>3\/Diagnostic mol\u00e9culaire de la maladie de Duchenne et Becker.<\/p>\n\n\n\n<p>4\/Diagnostic ph\u00e9notypique et g\u00e9notypique des th\u00e9raurismoses lysosomiales, des maladies peroxysomales et des mitochondriopathies en p\u00e9riodes post et pr\u00e9- natales.<\/p>\n\n\n\n<p>5\/Etude mol\u00e9culaire des g\u00e8nes candidats impliqu\u00e9s dans la maladie de Still chez l\u2019adulte.&nbsp;&nbsp;&nbsp;&nbsp;&nbsp;&nbsp;&nbsp;&nbsp;&nbsp;&nbsp;&nbsp;&nbsp;&nbsp;&nbsp;&nbsp;&nbsp;&nbsp;&nbsp;&nbsp;&nbsp;&nbsp;&nbsp;&nbsp; &nbsp;&nbsp;&nbsp;<\/p>\n","protected":false},"excerpt":{"rendered":"<p>Equipe de recherche 1 \u00ab&nbsp;Biochimie G\u00e9n\u00e9tique1&nbsp;\u00bb Titre de l\u2019Equipe Biochimie G\u00e9n\u00e9tique 1 &nbsp;Nom &#8211; Chef d\u2019\u00e9quipe OTMANE Amel&nbsp; Grade&nbsp;: Maitre de conf\u00e9rences A Membres de l\u2019\u00e9quipe &nbsp;Nom &amp; Pr\u00e9nom Grade Sp\u00e9cialit\u00e9 OTMANE Amel MCA Biochimie CHU BEO ZENATI Akila&nbsp;&nbsp;&nbsp;&nbsp;&nbsp;&nbsp;&nbsp;&nbsp;&nbsp;&nbsp; Professeur Biochimie CHU BEO GUEDADA Yasmina Professeur Biochimie HCA AIN NAADJA TALHI Randa MCA Epid\u00e9miologie CHU [&hellip;]<\/p>\n","protected":false},"author":1,"featured_media":0,"parent":0,"menu_order":0,"comment_status":"closed","ping_status":"closed","template":"","meta":[],"_links":{"self":[{"href":"http:\/\/labos.univ-alger.dz\/LBG\/index.php?rest_route=\/wp\/v2\/pages\/16"}],"collection":[{"href":"http:\/\/labos.univ-alger.dz\/LBG\/index.php?rest_route=\/wp\/v2\/pages"}],"about":[{"href":"http:\/\/labos.univ-alger.dz\/LBG\/index.php?rest_route=\/wp\/v2\/types\/page"}],"author":[{"embeddable":true,"href":"http:\/\/labos.univ-alger.dz\/LBG\/index.php?rest_route=\/wp\/v2\/users\/1"}],"replies":[{"embeddable":true,"href":"http:\/\/labos.univ-alger.dz\/LBG\/index.php?rest_route=%2Fwp%2Fv2%2Fcomments&post=16"}],"version-history":[{"count":3,"href":"http:\/\/labos.univ-alger.dz\/LBG\/index.php?rest_route=\/wp\/v2\/pages\/16\/revisions"}],"predecessor-version":[{"id":21,"href":"http:\/\/labos.univ-alger.dz\/LBG\/index.php?rest_route=\/wp\/v2\/pages\/16\/revisions\/21"}],"wp:attachment":[{"href":"http:\/\/labos.univ-alger.dz\/LBG\/index.php?rest_route=%2Fwp%2Fv2%2Fmedia&parent=16"}],"curies":[{"name":"wp","href":"https:\/\/api.w.org\/{rel}","templated":true}]}}